{"id":2118,"date":"2024-09-15T12:42:09","date_gmt":"2024-09-15T12:42:09","guid":{"rendered":"http:\/\/acodalej.sk\/?page_id=2118"},"modified":"2024-11-09T15:47:14","modified_gmt":"2024-11-09T15:47:14","slug":"cti-boha","status":"publish","type":"page","link":"http:\/\/acodalej.sk\/zh\/cti-boha\/","title":{"rendered":"Cti Boha"},"content":{"rendered":"<div data-elementor-type=\"wp-page\" data-elementor-id=\"2118\" class=\"elementor elementor-2118\">\n\t\t\t\t<div class=\"has_eae_slider elementor-element elementor-element-2720e41 e-flex e-con-boxed e-con e-parent\" data-eae-slider=\"67661\" data-id=\"2720e41\" data-element_type=\"container\">\n\t\t\t\t\t<div class=\"e-con-inner\">\n\t\t<div class=\"has_eae_slider elementor-element elementor-element-701718a e-flex e-con-boxed e-con e-child\" data-eae-slider=\"47380\" data-id=\"701718a\" data-element_type=\"container\">\n\t\t\t\t\t<div class=\"e-con-inner\">\n\t\t\t\t<div class=\"elementor-element elementor-element-fccfbfb elementor-widget elementor-widget-heading\" data-id=\"fccfbfb\" data-element_type=\"widget\" data-widget_type=\"heading.default\">\n\t\t\t\t<div class=\"elementor-widget-container\">\n\t\t\t\t\t<h2 class=\"elementor-heading-title elementor-size-default\">\u8363\u8000\u4e0a\u5e1d<\/h2>\t\t\t\t<\/div>\n\t\t\t\t<\/div>\n\t\t\t\t<div class=\"elementor-element elementor-element-facd08f elementor-widget elementor-widget-text-editor\" data-id=\"facd08f\" data-element_type=\"widget\" data-widget_type=\"text-editor.default\">\n\t\t\t\t<div class=\"elementor-widget-container\">\n\t\t\t\t\t\t\t\t\t<p style=\"text-align: center;\"><em><strong>\u201c\u6211\u662f\u8036\u548c\u534e\u4f60\u7684\u795e\uff0c\u66fe\u5c06\u4f60\u4ece\u57c3\u53ca\u5730\u4e3a\u5974\u4e4b\u5bb6\u9886\u51fa\u6765\u3002\u9664\u4e86\u6211\u4ee5\u5916\uff0c\u4f60\u4e0d\u53ef\u6709\u522b\u7684\u795e\u3002\u201d<\/strong><\/em><em><strong>\u9664\u4e86\u6211\uff01<\/strong><\/em><\/p><p style=\"text-align: center;\"><em><strong> 5.\u83ab\u4f0a\u65e5\u7ecd\u74e6\uff0c5.6<\/strong><\/em><\/p>\t\t\t\t\t\t\t\t<\/div>\n\t\t\t\t<\/div>\n\t\t\t\t\t<\/div>\n\t\t\t\t<\/div>\n\t\t\t\t\t<\/div>\n\t\t\t\t<\/div>\n\t\t<div class=\"has_eae_slider elementor-element elementor-element-e862884 e-flex e-con-boxed e-con e-parent\" data-eae-slider=\"15270\" data-id=\"e862884\" data-element_type=\"container\">\n\t\t\t\t\t<div class=\"e-con-inner\">\n\t\t<div class=\"has_eae_slider elementor-element elementor-element-e2dcbf0 e-flex e-con-boxed e-con e-child\" data-eae-slider=\"85351\" data-id=\"e2dcbf0\" data-element_type=\"container\">\n\t\t\t\t\t<div class=\"e-con-inner\">\n\t\t\t\t<div class=\"elementor-element elementor-element-308b865 elementor-widget elementor-widget-text-editor\" data-id=\"308b865\" data-element_type=\"widget\" data-widget_type=\"text-editor.default\">\n\t\t\t\t<div class=\"elementor-widget-container\">\n\t\t\t\t\t\t\t\t\t<p>\u4eba\u751f\u6700\u91cd\u8981\u7684\u57fa\u672c\u6cd5\u5219\u662f\u5c0a\u5d07\u9020\u7269\u4e3b\uff0c\u7942\u8d50\u4e88\u6211\u4eec\u751f\u547d\uff0c\u5e76\u6bcf\u65e5\u8d50\u4e88\u6211\u4eec\u7231\u3001\u5065\u5eb7\u548c\u4f9b\u7ed9\u3002\u6211\u4eec\u7a76\u7adf\u662f\u611f\u6fc0\u5730\u63a5\u53d7\uff0c\u8fd8\u662f\u9a84\u50b2\u5730\u53cd\u6297\uff0c\u5b8c\u5168\u53d6\u51b3\u4e8e\u6211\u4eec\u81ea\u5df1\u3002\u5bf9\u4e0a\u5e1d\u7684\u656c\u91cd\u4f53\u73b0\u5728\u5bf9\u7942\u5728\u5723\u7ecf\u4e2d\u8d50\u4e88\u6211\u4eec\u7684\u8bdd\u8bed\u7684\u656c\u91cd\u3002\u51e1\u7814\u8bfb\u7942\u7684\u8bdd\u8bed\u548c\u6211\u4eec\u5468\u56f4\u7684\u9020\u7269\uff0c\u5e76\u57fa\u4e8e\u7406\u89e3\uff0c\u5728\u5b9e\u9645\u751f\u6d3b\u4e2d\u6309\u7167\u7942\u7684\u6cd5\u5219\u884c\u4e8b\u7684\u4eba\uff0c\u90fd\u662f\u5e38\u5728\u4e0a\u5e1d\u4e4b\u7231\u4e2d\u7684\u4eba\u3002\u6ca1\u6709\u4ec0\u4e48\u53ef\u4ee5\u53d6\u4ee3\u6211\u4eec\u9020\u7269\u4e3b\u548c\u5929\u7236\u7684\u7231\u3002<\/p>\t\t\t\t\t\t\t\t<\/div>\n\t\t\t\t<\/div>\n\t\t\t\t<div class=\"elementor-element elementor-element-c44b0f2 elementor-widget elementor-widget-text-editor\" data-id=\"c44b0f2\" data-element_type=\"widget\" data-widget_type=\"text-editor.default\">\n\t\t\t\t<div class=\"elementor-widget-container\">\n\t\t\t\t\t\t\t\t\t<p>\u795e\u7684\u5fff\u6012\u4ece\u5929\u4e0a\u663e\u660e\u5728\u4e00\u5207\u4e0d\u8654\u4e0d\u4e49\u7684\u4eba\u8eab\u4e0a\uff0c\u5c31\u662f\u90a3\u4e9b\u884c\u4e0d\u4e49\u963b\u6321\u771f\u7406\u7684\u4eba\u3002\u795e\u7684\u4e8b\u60c5\uff0c\u4eba\u6240\u80fd\u77e5\u9053\u7684\uff0c\u539f\u663e\u660e\u5728\u4eba\u5fc3\u91cc\uff0c\u56e0\u4e3a\u795e\u5df2\u7ecf\u7ed9\u4ed6\u4eec\u663e\u660e\u3002\u81ea\u4ece\u9020\u5929\u5730\u4ee5\u6765\uff0c\u795e\u7684\u6c38\u80fd\u548c\u795e\u6027\u662f\u660e\u660e\u53ef\u77e5\u7684\uff0c\u867d\u662f\u773c\u4e0d\u80fd\u89c1\uff0c\u4f46\u85c9\u7740\u6240\u9020\u4e4b\u7269\u5c31\u53ef\u4ee5\u6653\u5f97\u3002\u53eb\u4ed6\u4eec\u65e0\u53ef\u63a8\u8bff\u3002\u56e0\u4e3a\u4ed6\u4eec\u867d\u7136\u77e5\u9053\u795e\uff0c\u5374\u4e0d\u5f53\u4f5c\u795e\u8363\u8000\u4ed6\uff0c\u4e5f\u4e0d\u611f\u8c22\u4ed6\u3002\u4ed6\u4eec\u7684\u601d\u5ff5\u53d8\u4e3a\u865a\u5984\uff0c\u65e0\u77e5\u7684\u5fc3\u5c31\u660f\u6697\u4e86\u3002\u81ea\u79f0\u4e3a\u806a\u660e\uff0c\u53cd\u6210\u4e86\u611a\u62d9\u3002\u4ed6\u4eec\u5c06\u4e0d\u80fd\u673d\u574f\u4e4b\u795e\u7684\u8363\u8000\u53d8\u4e3a\u5076\u50cf\uff0c\u4eff\u4f5b\u5fc5\u673d\u574f\u7684\u4eba\u548c\u98de\u79bd\u3001\u8d70\u517d\u3001\u6606\u866b\u7684\u6837\u5f0f\u3002\u6240\u4ee5\uff0c\u795e\u4efb\u51ed\u4ed6\u4eec\u653e\u7eb5\u5fc3\u4e2d\u7684\u60c5\u6b32\uff0c\u4ee5\u81f4\u73b7\u8fb1\u81ea\u5df1\u7684\u8eab\u4f53\u3002\u4ed6\u4eec\u5c06\u795e\u7684\u771f\u7406\u53d8\u4e3a\u865a\u8c0e\uff0c\u53bb\u656c\u5949\u4e8b\u5949\u53d7\u9020\u4e4b\u7269\uff0c\u5374\u4e0d\u656c\u5949\u90a3\u6c38\u8fdc\u53ef\u79f0\u9882\u7684\u9020\u7269\u4e3b\u3002\u963f\u4eec\u3002\u56e0\u6b64\uff0c\u795e\u5c06\u4ed6\u4eec\u8d50\u7ed9\u4ed6\u4eec\u3002\u653e\u7eb5\u53ef\u7f9e\u803b\u7684\u60c5\u6b32\u3002\u4ed6\u4eec\u7684\u5973\u4eba\u628a\u81ea\u7136\u7528\u5904\u53d8\u4e3a\u975e\u81ea\u7136\u7528\u5904\uff1b\u7537\u4eba\u4e5f\u662f\u5982\u6b64\uff0c\u5f03\u4e86\u5973\u4eba\u81ea\u7136\u7528\u5904\uff0c\u5f7c\u6b64\u8d2a\u604b\uff0c\u7537\u548c\u7537\u884c\u53ef\u7f9e\u803b\u7684\u4e8b\uff0c\u5c31\u5728\u81ea\u5df1\u8eab\u4e0a\u53d7\u8fd9\u5984\u4e3a\u5f53\u5f97\u7684\u62a5\u5e94\u3002\u4ed6\u4eec\u65e2\u7136\u4e0d\u4fe1\u670d\u795e\uff0c\u795e\u5c31\u4efb\u51ed\u4ed6\u4eec\u5b58\u90aa\u50fb\u7684\u5fc3\uff0c\u884c\u90a3\u4e9b\u4e0d\u5408\u7406\u7684\u4e8b\uff1b\u88c5\u6ee1\u4e86\u5404\u6837\u4e0d\u4e49\u3001\u90aa\u6076\u3001\u8d2a\u5a6a\u3001\u6076\u6bd2\uff1b\u6ee1\u5fc3\u662f\u5ac9\u5992\u3001\u51f6\u6740\u3001\u4e89\u7ade\u3001\u8be1\u8bc8\u3001\u6bd2\u6068\uff1b\u53c8\u662f\u8c17\u6bc1\u7684\u3001\u6bc1\u8c24\u4eba\u7684\u3001\u6028\u6068\u795e\u7684\u3001\u4fae\u6162\u4eba\u7684\u3001\u72c2\u50b2\u7684\u3001\u81ea\u5938\u7684\u3001\u634f\u9020\u6076\u4e8b\u7684\u3001\u8fdd\u80cc\u7236\u6bcd\u7684\u3001\u65e0\u667a\u6167\u7684\u3001\u65e0\u575a\u5b9a\u7684\u3001\u65e0\u4eb2\u60c5\u7684\u3001\u4e0d\u601c\u60af\u4eba\u7684\u3002\u4ed6\u4eec\u660e\u77e5\u795e\u5224\u5b9a\u884c\u8fd9\u6837\u4e8b\u7684\u4eba\u662f\u5f53\u6b7b\u7684\uff0c\u7136\u800c\u4ed6\u4eec\u4e0d\u4f46\u81ea\u5df1\u505a\uff0c\u8fd8\u559c\u6b22\u522b\u4eba\u505a\u3002\u201d<\/p><p>\u7f57\u9a6c\u4e66 1:18-32<\/p>\t\t\t\t\t\t\t\t<\/div>\n\t\t\t\t<\/div>\n\t\t\t\t<div class=\"elementor-element elementor-element-8801232 elementor-widget elementor-widget-text-editor\" data-id=\"8801232\" data-element_type=\"widget\" data-widget_type=\"text-editor.default\">\n\t\t\t\t<div class=\"elementor-widget-container\">\n\t\t\t\t\t\t\t\t\t<p><em><strong>\u201c\u4f60\u4eec\u4e2d\u95f4\u4e0d\u53ef\u6709\u4eba\u4f7f\u513f\u5973\u7ecf\u706b\uff0c\u4e5f\u4e0d\u53ef\u6709\u89c2\u5146\u7684\u3001\u4ea4\u9b3c\u7684\u3001\u884c\u5deb\u672f\u7684\u3002\u201d<\/strong><\/em><br \/><em><strong>\u6216\u89e3\u68a6\u7684\u4eba\uff0c\u6216\u884c\u90aa\u672f\u7684\u4eba\uff0c\u6216\u5ff5\u5492\u7684\u4eba\uff0c\u6216\u95ee\u7075\u7684\u4eba\uff0c\u6216\u884c\u90aa\u672f\u7684\u4eba\uff0c<\/strong><\/em><br \/><em><strong>\u201c\u4e5f\u6ca1\u6709\u4eba\u8be2\u95ee\u6b7b\u8005\u7684\u7075\u9b42\uff08\u5411\u6b7b\u4eba\u5bfb\u6c42\u5e2e\u52a9\uff0c\u5373\u4f7f\u4ed6\u4eec\u88ab\u79f0\u4e3a\u5723\u4eba\uff09\u3002\u201d<\/strong><\/em><br \/><em><strong>\u7533\u547d\u8bb0 18:10-11<\/strong><\/em><\/p>\t\t\t\t\t\t\t\t<\/div>\n\t\t\t\t<\/div>\n\t\t\t\t<div class=\"elementor-element elementor-element-d3f52df elementor-widget elementor-widget-text-editor\" data-id=\"d3f52df\" data-element_type=\"widget\" data-widget_type=\"text-editor.default\">\n\t\t\t\t<div class=\"elementor-widget-container\">\n\t\t\t\t\t\t\t\t\t<p><strong><em>\u8036\u7a23\u8bf4\uff1a\u2018\u4eba\u82e5\u7231\u6211\uff0c\u5c31\u5fc5\u9075\u5b88\u6211\u7684\u9053\uff0c\u6211\u7236\u4e5f\u5fc5\u7231\u4ed6\u3002\u2019<\/em><\/strong><br \/><strong><em>\u6211\u4eec\u8981\u5230\u4ed6\u90a3\u91cc\u53bb\uff0c\u4e0e\u4ed6\u540c\u4f4f\u3002\u4e0d\u7231\u6211\u7684\uff0c\u5c31\u4e0d\u9075\u5b88\u6211\u7684\u9053\u3002\u6211\u6240\u5429\u5490\u7684\uff0c<\/em><\/strong><br \/><strong><em>\u201c\u4f60\u4eec\u6240\u542c\u89c1\u7684\uff0c\u4e0d\u662f\u6211\u7684\uff0c\u4e43\u662f\u5dee\u6211\u6765\u4e4b\u7236\u7684\u3002\u201d<\/em><\/strong><br \/><strong><em>\u7ea6\u7ff0\u798f\u97f3 14:23-24<\/em><\/strong><\/p>\t\t\t\t\t\t\t\t<\/div>\n\t\t\t\t<\/div>\n\t\t\t\t<div class=\"elementor-element elementor-element-2e8a082 elementor-widget elementor-widget-text-editor\" data-id=\"2e8a082\" data-element_type=\"widget\" data-widget_type=\"text-editor.default\">\n\t\t\t\t<div class=\"elementor-widget-container\">\n\t\t\t\t\t\t\t\t\t<p>\u8fdd\u53cd\u4e0a\u5e1d\u5f8b\u6cd5\u7684\u540e\u679c\u662f\u6b7b\u4ea1\u2014\u2014\u4e0e\u4e0a\u5e1d\u9694\u7edd\uff0c\u906d\u53d7\u82e6\u96be\u3002\u4f46\u4e0a\u5e1d\u8d50\u4e88\u7684\u793c\u7269\u2014\u2014\u767d\u767d\u8d50\u4e88\u6240\u6709\u4eba\u7684\u793c\u7269\u2014\u2014\u662f\u5bbd\u6055\u548c\u6c38\u751f\uff0c\u56e0\u4e3a\u6211\u4eec\u8ba4\u8bc6\u5230\u4e0a\u5e1d\u7684\u5b8c\u7f8e\uff0c\u800c\u6211\u4eec\u662f\u90aa\u6076\u7684\u3002\u6211\u4eec\u63a5\u53d7\u4e0a\u5e1d\u7ed9\u4e88\u6211\u4eec\u7684\u5e2e\u52a9\uff0c\u5e76\u57fa\u4e8e\u8036\u7a23\u57fa\u7763\u7684\u727a\u7272\u7948\u6c42\u5bbd\u6055\u6211\u4eec\u7684\u7f6a\u5b7d\u3002\u83b7\u5f97\u5bbd\u6055\u540e\uff0c\u6211\u4eec\u627f\u8bfa\u5728\u9020\u7269\u4e3b\u8d50\u4e88\u7684\u65b0\u751f\u547d\u4e2d\u5b66\u4e60\u548c\u5c0a\u91cd\u4ed6\u7684\u5f8b\u6cd5\uff0c\u4ee5\u6b64\u6765\u987a\u670d\u4ed6\u3002<\/p>\n<p>\u5728\u4ee5\u8272\u5217\uff0c\u4e25\u91cd\u7684\u7f6a\u884c\u7531\u793e\u4f1a\u4e0a\u8d1f\u8d23\u4efb\u7684\u4eba\u2014\u2014\u6cd5\u5b98\u2014\u2014\u516c\u5f00\u5ba1\u5224\uff0c\u4eba\u4eec\u4e5f\u53d7\u5230\u516c\u5f00\u60e9\u7f5a\u3002\u8fd9\u662f\u4e3a\u4e86\u9632\u6b62\u6574\u4e2a\u4ee5\u8272\u5217\u793e\u4f1a\u9677\u5165\u53db\u4e71\uff0c\u4ece\u800c\u843d\u5165\u4e0a\u5e1d\u7684\u5ba1\u5224\u4e4b\u4e0b\u3002\u4e0a\u5e1d\u662f\u5723\u6d01\u5b8c\u7f8e\u7684\uff0c\u5c45\u4f4f\u5728\u7231\u7684\u70c8\u706b\u4e2d\u3002\u5728\u7942\u9762\u524d\uff0c\u4e00\u5207\u90fd\u663e\u9732\u65e0\u9057\uff0c\u90aa\u6076\u5fc5\u5728\u7942\u7684\u70c8\u706b\u4e2d\u711a\u70e7\u6b86\u5c3d\u3002<\/p>\n<p>\u5bf9\u6211\u4eec\u6765\u8bf4\uff0c\u8fd9\u610f\u5473\u7740\u5c0a\u91cd\u5404\u4e2a\u56fd\u5bb6\u7684\u6743\u5a01\uff0c\u56e0\u4e3a\u4e0a\u5e1d\u5c06\u5ba1\u5224\u548c\u60e9\u7f5a\u7684\u6743\u67c4\u8d4b\u4e88\u4e86\u4ed6\u4eec\u3002\u5c0a\u91cd\u4e0a\u5e1d\u7684\u5f8b\u6cd5\uff0c\u53d6\u51b3\u4e8e\u5404\u4e2a\u653f\u5e9c\uff0c\u4ee5\u53ca\u968f\u4e4b\u800c\u6765\u7684\u6cd5\u5b98\u3002<\/p>\n<p>\u4e0a\u5e1d\u4e0d\u613f\u7f6a\u72af\u706d\u4ea1\uff0c\u800c\u662f\u5e0c\u671b\u4ed6\u4eec\u8fdb\u5165\u81ea\u6211\uff0c\u81ea\u6211\u7ea0\u6b63\uff0c\u5e76\u80fd\u501f\u7740\u4e0a\u5e1d\u7684\u6069\u5178\u800c\u6d3b\u3002\u4e00\u4e2a\u5e7f\u4e3a\u4eba\u77e5\u7684\u6545\u4e8b\u662f\uff0c\u4e00\u4e2a\u72af\u5978\u6deb\u88ab\u6293\u7684\u5973\u4eba\uff0c\u4ed6\u4eec\u6309\u7167\u4e0a\u5e1d\u7684\u5f8b\u6cd5\u8981\u7528\u77f3\u5934\u6253\u6b7b\u5979\uff0c\u5c31\u628a\u5979\u5e26\u5230\u8036\u7a23\u9762\u524d\u3002\u8036\u7a23\u8bf4\uff1a\u201c\u8c01\u662f\u6ca1\u6709\u7f6a\u7684\uff0c\u8c01\u5c31\u53ef\u4ee5\u5148\u62ff\u77f3\u5934\u6253\u5979\u3002\u201d \u5f53\u5979\u72ec\u81ea\u4e00\u4eba\uff0c\u4f17\u4eba\u90fd\u79bb\u5f00\u540e\uff0c\u8036\u7a23\u8bf4\uff1a\u201c\u96be\u9053\u6ca1\u6709\u4eba\u5b9a\u4f60\u7684\u7f6a\u5417\uff1f\u6211\u4e5f\u4e0d\u5b9a\u4f60\u7684\u7f6a\uff0c\u53bb\u5427\uff0c\u4ece\u6b64\u4e0d\u8981\u518d\u72af\u7f6a\u4e86\u3002\u201d \u4e0a\u5e1d\u5411\u6211\u4eec\u5c55\u73b0\u4e86\u81ea\u5df1\u662f\u516c\u4e49\u7684\uff0c\u4ed6\u8d4f\u5584\u7f5a\u6076\uff0c\u5374\u5bf9\u7834\u788e\u7684\u4eba\u65bd\u6069\u3002\u4e0a\u5e1d\u62b5\u6321\u9a84\u50b2\u7684\u4eba\uff0c\u5374\u8d50\u6069\u7ed9\u8c26\u5351\u7684\u4eba\u3002\u4e0a\u5e1d\u5e76\u6ca1\u6709\u5e9f\u9664\u5f8b\u6cd5\uff0c\u800c\u662f\u901a\u8fc7\u4e3b\u8036\u7a23\u6765\u6210\u5168\u5f8b\u6cd5\u3002<\/p>\t\t\t\t\t\t\t\t<\/div>\n\t\t\t\t<\/div>\n\t\t\t\t<div class=\"elementor-element elementor-element-cca11b4 elementor-widget elementor-widget-text-editor\" data-id=\"cca11b4\" data-element_type=\"widget\" data-widget_type=\"text-editor.default\">\n\t\t\t\t<div class=\"elementor-widget-container\">\n\t\t\t\t\t\t\t\t\t<p><em><strong>\u201c11 \u4f60\u8981\u5bf9\u4ed6\u4eec\u8bf4\uff1a\u2018\u4e3b\u8036\u548c\u534e\u8bf4\uff1a\u6211\u6307\u7740\u6211\u7684\u6c38\u751f\u8d77\u8a93\uff0c\u6211\u65ad\u4e0d\u559c\u60a6\u6076\u4eba\u6b7b\u4ea1\uff0c\u60df\u559c\u60a6<\/strong><\/em><br \/><em><strong>\u613f\u6076\u4eba\u56de\u5934\u79bb\u5f00\u81ea\u5df1\u7684\u9053\u8def\uff0c\u5f97\u4ee5\u5b58\u6d3b\u3002\u56de\u5934\u5427\uff0c\u56de\u5934\u79bb\u5f00\u4f60\u7684\u6076\u884c\u3002 <\/strong><\/em><em><strong>\u751f\u6d3b\u65b9\u5f0f\uff01<\/strong><\/em><br \/><em><strong>\u4ee5\u897f\u7ed3\u4e66 33<\/strong><\/em><\/p>\t\t\t\t\t\t\t\t<\/div>\n\t\t\t\t<\/div>\n\t\t\t\t<div class=\"elementor-element elementor-element-b39dcd5 elementor-widget elementor-widget-text-editor\" data-id=\"b39dcd5\" data-element_type=\"widget\" data-widget_type=\"text-editor.default\">\n\t\t\t\t<div class=\"elementor-widget-container\">\n\t\t\t\t\t\t\t\t\t<p><em><strong>\u201c\u56e0\u4e3a\u7f6a\u7684\u5de5\u4ef7\u4e43\u662f\u6b7b\uff1b\u60df\u6709\u795e\u7684\u6069\u8d50\uff0c\u5728\u6211\u4eec\u7684\u4e3b\u57fa\u7763\u8036\u7a23\u91cc\uff0c\u4e43\u662f\u6c38\u751f\u3002\u201d<\/strong><\/em><br \/><em><strong>\u7f57\u9a6c\u4e66 6<\/strong><\/em><\/p>\t\t\t\t\t\t\t\t<\/div>\n\t\t\t\t<\/div>\n\t\t\t\t\t<\/div>\n\t\t\t\t<\/div>\n\t\t\t\t\t<\/div>\n\t\t\t\t<\/div>\n\t\t\t\t<\/div>","protected":false},"excerpt":{"rendered":"<p>CTI BOHA ,\u201aJa som Hospodin, tvoj Boh, ktor\u00fd \u0165a vyviedol z Egypta, z domu otrokov. Nebude\u0161 ma\u0165 in\u00fdch bohovokrem m\u0148a!&#8220; 5.Moj\u017ei\u0161ova, 5,6 Prv\u00e9 z\u00e1kladn\u00e9 a najd\u00f4le\u017eitej\u0161ie pravidlo \u017eivota je cti\u0165 Stvorite\u013ea, ktor\u00fd n\u00e1m daroval \u017eivot, denne n\u00e1m poskytuje l\u00e1sku, zdravie a zaopatrenie. Je na n\u00e1s \u010di budeme v\u010fa\u010dne prij\u00edma\u0165, alebo sa py\u0161ne b\u00fari\u0165. \u00dacta k [&hellip;]<\/p>","protected":false},"author":1,"featured_media":0,"parent":0,"menu_order":0,"comment_status":"closed","ping_status":"closed","template":"","meta":{"site-sidebar-layout":"no-sidebar","site-content-layout":"page-builder","ast-site-content-layout":"full-width-container","site-content-style":"unboxed","site-sidebar-style":"unboxed","ast-global-header-display":"","ast-banner-title-visibility":"disabled","ast-main-header-display":"","ast-hfb-above-header-display":"","ast-hfb-below-header-display":"","ast-hfb-mobile-header-display":"","site-post-title":"disabled","ast-breadcrumbs-content":"disabled","ast-featured-img":"disabled","footer-sml-layout":"disabled","theme-transparent-header-meta":"enabled","adv-header-id-meta":"","stick-header-meta":"","header-above-stick-meta":"","header-main-stick-meta":"","header-below-stick-meta":"","astra-migrate-meta-layouts":"set","ast-page-background-enabled":"default","ast-page-background-meta":{"desktop":{"background-color":"var(--ast-global-color-4)","background-image":"","background-repeat":"repeat","background-position":"center center","background-size":"auto","background-attachment":"scroll","background-type":"","background-media":"","overlay-type":"","overlay-color":"","overlay-opacity":"","overlay-gradient":""},"tablet":{"background-color":"","background-image":"","background-repeat":"repeat","background-position":"center center","background-size":"auto","background-attachment":"scroll","background-type":"","background-media":"","overlay-type":"","overlay-color":"","overlay-opacity":"","overlay-gradient":""},"mobile":{"background-color":"","background-image":"","background-repeat":"repeat","background-position":"center center","background-size":"auto","background-attachment":"scroll","background-type":"","background-media":"","overlay-type":"","overlay-color":"","overlay-opacity":"","overlay-gradient":""}},"ast-content-background-meta":{"desktop":{"background-color":"var(--ast-global-color-5)","background-image":"","background-repeat":"repeat","background-position":"center center","background-size":"auto","background-attachment":"scroll","background-type":"","background-media":"","overlay-type":"","overlay-color":"","overlay-opacity":"","overlay-gradient":""},"tablet":{"background-color":"var(--ast-global-color-5)","background-image":"","background-repeat":"repeat","background-position":"center center","background-size":"auto","background-attachment":"scroll","background-type":"","background-media":"","overlay-type":"","overlay-color":"","overlay-opacity":"","overlay-gradient":""},"mobile":{"background-color":"var(--ast-global-color-5)","background-image":"","background-repeat":"repeat","background-position":"center center","background-size":"auto","background-attachment":"scroll","background-type":"","background-media":"","overlay-type":"","overlay-color":"","overlay-opacity":"","overlay-gradient":""}},"footnotes":""},"class_list":["post-2118","page","type-page","status-publish","hentry"],"_links":{"self":[{"href":"http:\/\/acodalej.sk\/zh\/wp-json\/wp\/v2\/pages\/2118","targetHints":{"allow":["GET"]}}],"collection":[{"href":"http:\/\/acodalej.sk\/zh\/wp-json\/wp\/v2\/pages"}],"about":[{"href":"http:\/\/acodalej.sk\/zh\/wp-json\/wp\/v2\/types\/page"}],"author":[{"embeddable":true,"href":"http:\/\/acodalej.sk\/zh\/wp-json\/wp\/v2\/users\/1"}],"replies":[{"embeddable":true,"href":"http:\/\/acodalej.sk\/zh\/wp-json\/wp\/v2\/comments?post=2118"}],"version-history":[{"count":0,"href":"http:\/\/acodalej.sk\/zh\/wp-json\/wp\/v2\/pages\/2118\/revisions"}],"wp:attachment":[{"href":"http:\/\/acodalej.sk\/zh\/wp-json\/wp\/v2\/media?parent=2118"}],"curies":[{"name":"wp","href":"https:\/\/api.w.org\/{rel}","templated":true}]}}