{"id":2144,"date":"2024-09-15T13:22:02","date_gmt":"2024-09-15T13:22:02","guid":{"rendered":"http:\/\/acodalej.sk\/?page_id=2144"},"modified":"2024-11-09T16:22:59","modified_gmt":"2024-11-09T16:22:59","slug":"neber-meno-boha-nadarmo","status":"publish","type":"page","link":"http:\/\/acodalej.sk\/zh\/neber-meno-boha-nadarmo\/","title":{"rendered":"Neber meno Boha nadarmo"},"content":{"rendered":"<div data-elementor-type=\"wp-page\" data-elementor-id=\"2144\" class=\"elementor elementor-2144\">\n\t\t\t\t<div class=\"has_eae_slider elementor-element elementor-element-60f6cd8 e-flex e-con-boxed e-con e-parent\" data-eae-slider=\"97575\" data-id=\"60f6cd8\" data-element_type=\"container\">\n\t\t\t\t\t<div class=\"e-con-inner\">\n\t\t<div class=\"has_eae_slider elementor-element elementor-element-82b1090 e-flex e-con-boxed e-con e-child\" data-eae-slider=\"65779\" data-id=\"82b1090\" data-element_type=\"container\">\n\t\t\t\t\t<div class=\"e-con-inner\">\n\t\t\t\t<div class=\"elementor-element elementor-element-616b16a elementor-widget elementor-widget-heading\" data-id=\"616b16a\" data-element_type=\"widget\" data-widget_type=\"heading.default\">\n\t\t\t\t<div class=\"elementor-widget-container\">\n\t\t\t\t\t<h2 class=\"elementor-heading-title elementor-size-default\">\u4e0d\u8981\u5984\u79f0\u4e0a\u5e1d\u7684\u540d\u5b57\u3002<\/h2>\t\t\t\t<\/div>\n\t\t\t\t<\/div>\n\t\t\t\t<div class=\"elementor-element elementor-element-f842778 elementor-widget elementor-widget-text-editor\" data-id=\"f842778\" data-element_type=\"widget\" data-widget_type=\"text-editor.default\">\n\t\t\t\t<div class=\"elementor-widget-container\">\n\t\t\t\t\t\t\t\t\t<p class=\"Standard\"><em><b>\u201c\u4e0d\u53ef\u5984\u79f0\u8036\u548c\u534e\u4f60\u795e\u7684\u540d\uff1b\u56e0\u4e3a\u5984\u79f0\u8036\u548c\u534e\u540d\u7684\uff0c\u8036\u548c\u534e\u5fc5\u4e0d\u4ee5\u4ed6\u4e3a\u65e0\u7f6a\u3002\u201d<\/b><\/em><\/p><p class=\"Standard\"><em><b>\u7533\u547d\u8bb0 5:11<\/b><\/em><\/p>\t\t\t\t\t\t\t\t<\/div>\n\t\t\t\t<\/div>\n\t\t\t\t\t<\/div>\n\t\t\t\t<\/div>\n\t\t\t\t\t<\/div>\n\t\t\t\t<\/div>\n\t\t<div class=\"has_eae_slider elementor-element elementor-element-b893b31 e-flex e-con-boxed e-con e-parent\" data-eae-slider=\"60699\" data-id=\"b893b31\" data-element_type=\"container\">\n\t\t\t\t\t<div class=\"e-con-inner\">\n\t\t<div class=\"has_eae_slider elementor-element elementor-element-d2d36c4 e-flex e-con-boxed e-con e-child\" data-eae-slider=\"7428\" data-id=\"d2d36c4\" data-element_type=\"container\">\n\t\t\t\t\t<div class=\"e-con-inner\">\n\t\t\t\t<div class=\"elementor-element elementor-element-a971830 elementor-widget elementor-widget-text-editor\" data-id=\"a971830\" data-element_type=\"widget\" data-widget_type=\"text-editor.default\">\n\t\t\t\t<div class=\"elementor-widget-container\">\n\t\t\t\t\t\t\t\t\t<p class=\"Standard\">\u8fd9\u6761\u89c4\u5219\u88ab\u79f0\u4e3a\u4eb5\u6e0e\u3002\u6211\u4eec\u4e0d\u53ef\u5c06\u795e\u7684\u540d\u5f53\u4f5c\u5492\u8bc5\uff0c\u6216\u4ee5\u4efb\u4f55\u975e\u8363\u8000\u795e\u7684\u65b9\u5f0f\u79f0\u547c\u7942\u3002\u8fd9\u5305\u62ec\u8036\u7a23\uff0c\u7942\u662f\u795e\u513f\u5b50\u7684\u540d\uff0c\u4e5f\u5c31\u662f\u795e\u3002<\/p>\t\t\t\t\t\t\t\t<\/div>\n\t\t\t\t<\/div>\n\t\t\t\t<div class=\"elementor-element elementor-element-dc04552 elementor-widget elementor-widget-text-editor\" data-id=\"dc04552\" data-element_type=\"widget\" data-widget_type=\"text-editor.default\">\n\t\t\t\t<div class=\"elementor-widget-container\">\n\t\t\t\t\t\t\t\t\t<p class=\"Standard\">\u8fdd\u53cd\u4e0a\u5e1d\u5f8b\u6cd5\u7684\u540e\u679c\u662f\u6b7b\u4ea1\u2014\u2014\u4e0e\u4e0a\u5e1d\u9694\u7edd\uff0c\u906d\u53d7\u82e6\u96be\u3002\u4f46\u4e0a\u5e1d\u8d50\u4e88\u7684\u793c\u7269\u2014\u2014\u767d\u767d\u8d50\u4e88\u6240\u6709\u4eba\u7684\u793c\u7269\u2014\u2014\u662f\u5bbd\u6055\u548c\u6c38\u751f\uff0c\u56e0\u4e3a\u6211\u4eec\u8ba4\u8bc6\u5230\u4e0a\u5e1d\u7684\u5b8c\u7f8e\uff0c\u800c\u6211\u4eec\u662f\u90aa\u6076\u7684\u3002\u6211\u4eec\u63a5\u53d7\u4e0a\u5e1d\u7ed9\u4e88\u6211\u4eec\u7684\u5e2e\u52a9\uff0c\u5e76\u57fa\u4e8e\u8036\u7a23\u57fa\u7763\u7684\u727a\u7272\u7948\u6c42\u5bbd\u6055\u6211\u4eec\u7684\u7f6a\u5b7d\u3002\u83b7\u5f97\u5bbd\u6055\u540e\uff0c\u6211\u4eec\u627f\u8bfa\u5728\u9020\u7269\u4e3b\u8d50\u4e88\u7684\u65b0\u751f\u547d\u4e2d\u5b66\u4e60\u548c\u5c0a\u91cd\u4ed6\u7684\u5f8b\u6cd5\uff0c\u4ee5\u6b64\u6765\u987a\u670d\u4ed6\u3002<\/p><p class=\"Standard\">\u5728\u4ee5\u8272\u5217\uff0c\u4e25\u91cd\u7684\u7f6a\u884c\u7531\u793e\u4f1a\u4e0a\u8d1f\u8d23\u4efb\u7684\u4eba\u2014\u2014\u6cd5\u5b98\u2014\u2014\u516c\u5f00\u5ba1\u5224\uff0c\u4eba\u4eec\u4e5f\u53d7\u5230\u516c\u5f00\u60e9\u7f5a\u3002\u8fd9\u662f\u4e3a\u4e86\u9632\u6b62\u6574\u4e2a\u4ee5\u8272\u5217\u793e\u4f1a\u9677\u5165\u53db\u4e71\uff0c\u4ece\u800c\u843d\u5165\u4e0a\u5e1d\u7684\u5ba1\u5224\u4e4b\u4e0b\u3002\u4e0a\u5e1d\u662f\u5723\u6d01\u5b8c\u7f8e\u7684\uff0c\u5c45\u4f4f\u5728\u7231\u7684\u70c8\u706b\u4e2d\u3002\u5728\u7942\u9762\u524d\uff0c\u4e00\u5207\u90fd\u663e\u9732\u65e0\u9057\uff0c\u90aa\u6076\u5fc5\u5728\u7942\u7684\u70c8\u706b\u4e2d\u711a\u70e7\u6b86\u5c3d\u3002<\/p><p class=\"Standard\">\u5bf9\u6211\u4eec\u6765\u8bf4\uff0c\u8fd9\u610f\u5473\u7740\u5c0a\u91cd\u5404\u4e2a\u56fd\u5bb6\u7684\u6743\u5a01\uff0c\u56e0\u4e3a\u4e0a\u5e1d\u5c06\u5ba1\u5224\u548c\u60e9\u7f5a\u7684\u6743\u67c4\u8d4b\u4e88\u4e86\u4ed6\u4eec\u3002\u5c0a\u91cd\u4e0a\u5e1d\u7684\u5f8b\u6cd5\uff0c\u53d6\u51b3\u4e8e\u5404\u4e2a\u653f\u5e9c\uff0c\u4ee5\u53ca\u968f\u4e4b\u800c\u6765\u7684\u6cd5\u5b98\u3002<\/p><p class=\"Standard\">\u4e0a\u5e1d\u4e0d\u613f\u7f6a\u72af\u706d\u4ea1\uff0c\u800c\u662f\u5e0c\u671b\u4ed6\u4eec\u8fdb\u5165\u81ea\u6211\uff0c\u81ea\u6211\u7ea0\u6b63\uff0c\u5e76\u80fd\u501f\u7740\u4e0a\u5e1d\u7684\u6069\u5178\u800c\u6d3b\u3002\u4e00\u4e2a\u5e7f\u4e3a\u4eba\u77e5\u7684\u6545\u4e8b\u662f\uff0c\u4e00\u4e2a\u72af\u5978\u6deb\u88ab\u6293\u7684\u5973\u4eba\uff0c\u4ed6\u4eec\u6309\u7167\u4e0a\u5e1d\u7684\u5f8b\u6cd5\u8981\u7528\u77f3\u5934\u6253\u6b7b\u5979\uff0c\u5c31\u628a\u5979\u5e26\u5230\u8036\u7a23\u9762\u524d\u3002\u8036\u7a23\u8bf4\uff1a\u201c\u8c01\u662f\u6ca1\u6709\u7f6a\u7684\uff0c\u8c01\u5c31\u53ef\u4ee5\u5148\u62ff\u77f3\u5934\u6253\u5979\u3002\u201d \u5f53\u5979\u72ec\u81ea\u4e00\u4eba\uff0c\u4f17\u4eba\u90fd\u79bb\u5f00\u540e\uff0c\u8036\u7a23\u8bf4\uff1a\u201c\u96be\u9053\u6ca1\u6709\u4eba\u5b9a\u4f60\u7684\u7f6a\u5417\uff1f\u6211\u4e5f\u4e0d\u5b9a\u4f60\u7684\u7f6a\uff0c\u53bb\u5427\uff0c\u4ece\u6b64\u4e0d\u8981\u518d\u72af\u7f6a\u4e86\u3002\u201d \u4e0a\u5e1d\u5411\u6211\u4eec\u5c55\u73b0\u4e86\u81ea\u5df1\u662f\u516c\u4e49\u7684\uff0c\u4ed6\u8d4f\u5584\u7f5a\u6076\uff0c\u5374\u5bf9\u7834\u788e\u7684\u4eba\u65bd\u6069\u3002\u4e0a\u5e1d\u62b5\u6321\u9a84\u50b2\u7684\u4eba\uff0c\u5374\u8d50\u6069\u7ed9\u8c26\u5351\u7684\u4eba\u3002\u4e0a\u5e1d\u5e76\u6ca1\u6709\u5e9f\u9664\u5f8b\u6cd5\uff0c\u800c\u662f\u901a\u8fc7\u4e3b\u8036\u7a23\u6765\u6210\u5168\u5f8b\u6cd5\u3002<\/p>\t\t\t\t\t\t\t\t<\/div>\n\t\t\t\t<\/div>\n\t\t\t\t<div class=\"elementor-element elementor-element-a8c7f8e elementor-widget elementor-widget-text-editor\" data-id=\"a8c7f8e\" data-element_type=\"widget\" data-widget_type=\"text-editor.default\">\n\t\t\t\t<div class=\"elementor-widget-container\">\n\t\t\t\t\t\t\t\t\t<p class=\"Standard\"><em><strong>&#8222;11<span style=\"color: #1e293b;\">\u00a0<\/span>\u4f60\u8981\u5bf9\u4ed6\u4eec\u8bf4\uff1a\u2018\u4e3b\u8036\u548c\u534e\u8bf4\uff1a\u6211\u6307\u7740\u6211\u7684\u6c38\u751f\u8d77\u8a93\uff0c\u6211\u65ad\u4e0d\u559c\u60a6\u6076\u4eba\u6b7b\u4ea1\uff0c\u60df\u559c\u60a6\u6076\u4eba\u8f6c\u79bb\u6240\u884c\u7684\u9053\u800c\u6d3b\u3002\u4f60\u4eec\u56de\u5934\u5427\uff0c\u8f6c\u5934\u5427\uff0c\u79bb\u5f00\u4f60\u4eec\u7684\u6076\u9053\uff01\u2019<\/strong><\/em><\/p><p class=\"Standard\"><em><strong>\u4ee5\u897f\u7ed3\u4e66 33<\/strong><\/em><\/p>\t\t\t\t\t\t\t\t<\/div>\n\t\t\t\t<\/div>\n\t\t\t\t<div class=\"elementor-element elementor-element-07f96af elementor-widget elementor-widget-text-editor\" data-id=\"07f96af\" data-element_type=\"widget\" data-widget_type=\"text-editor.default\">\n\t\t\t\t<div class=\"elementor-widget-container\">\n\t\t\t\t\t\t\t\t\t<p class=\"Standard\"><em><strong>&#8222;23<span style=\"color: #1e293b;\">\u00a0<\/span>\u56e0\u4e3a\u7f6a\u7684\u5de5\u4ef7\u4e43\u662f\u6b7b\uff1b\u60df\u6709\u795e\u7684\u6069\u8d50\uff0c\u5728\u6211\u4eec\u7684\u4e3b\u57fa\u7763\u8036\u7a23\u91cc\uff0c\u4e43\u662f\u6c38\u751f\uff01\u201d<\/strong><\/em><\/p><p class=\"Standard\"><em><strong>\u7f57\u9a6c\u4e66 6<\/strong><\/em><\/p><p class=\"Standard\">\u00a0<\/p>\t\t\t\t\t\t\t\t<\/div>\n\t\t\t\t<\/div>\n\t\t\t\t\t<\/div>\n\t\t\t\t<\/div>\n\t\t\t\t\t<\/div>\n\t\t\t\t<\/div>\n\t\t\t\t<\/div>","protected":false},"excerpt":{"rendered":"<p>neber meno boha nadarmo &#8222;Nevyslov\u00ed\u0161 meno Hospodina, svojho Boha, nadarmo, lebo Hospodin nenech\u00e1 bez trestu toho, kto nadarmo vyslov\u00ed jeho meno!&#8220; 5. Moj\u017ei\u0161ova 5,11 Toto pravidlo pozn\u00e1me pod slovom r\u00fahanie. Nesmieme bra\u0165 Meno Boha do \u00fast ako nad\u00e1vku, alebo ak\u00fdmko\u013evek sp\u00f4sobom okrem ctenia Boha. Do toho spad\u00e1 aj Meno Je\u017ei\u0161, ktor\u00e9 je Meno Bo\u017eieho Syna [&hellip;]<\/p>","protected":false},"author":1,"featured_media":0,"parent":0,"menu_order":0,"comment_status":"closed","ping_status":"closed","template":"","meta":{"site-sidebar-layout":"no-sidebar","site-content-layout":"page-builder","ast-site-content-layout":"full-width-container","site-content-style":"unboxed","site-sidebar-style":"unboxed","ast-global-header-display":"","ast-banner-title-visibility":"disabled","ast-main-header-display":"","ast-hfb-above-header-display":"","ast-hfb-below-header-display":"","ast-hfb-mobile-header-display":"","site-post-title":"disabled","ast-breadcrumbs-content":"disabled","ast-featured-img":"disabled","footer-sml-layout":"disabled","theme-transparent-header-meta":"enabled","adv-header-id-meta":"","stick-header-meta":"","header-above-stick-meta":"","header-main-stick-meta":"","header-below-stick-meta":"","astra-migrate-meta-layouts":"set","ast-page-background-enabled":"default","ast-page-background-meta":{"desktop":{"background-color":"var(--ast-global-color-4)","background-image":"","background-repeat":"repeat","background-position":"center center","background-size":"auto","background-attachment":"scroll","background-type":"","background-media":"","overlay-type":"","overlay-color":"","overlay-opacity":"","overlay-gradient":""},"tablet":{"background-color":"","background-image":"","background-repeat":"repeat","background-position":"center center","background-size":"auto","background-attachment":"scroll","background-type":"","background-media":"","overlay-type":"","overlay-color":"","overlay-opacity":"","overlay-gradient":""},"mobile":{"background-color":"","background-image":"","background-repeat":"repeat","background-position":"center center","background-size":"auto","background-attachment":"scroll","background-type":"","background-media":"","overlay-type":"","overlay-color":"","overlay-opacity":"","overlay-gradient":""}},"ast-content-background-meta":{"desktop":{"background-color":"var(--ast-global-color-5)","background-image":"","background-repeat":"repeat","background-position":"center center","background-size":"auto","background-attachment":"scroll","background-type":"","background-media":"","overlay-type":"","overlay-color":"","overlay-opacity":"","overlay-gradient":""},"tablet":{"background-color":"var(--ast-global-color-5)","background-image":"","background-repeat":"repeat","background-position":"center center","background-size":"auto","background-attachment":"scroll","background-type":"","background-media":"","overlay-type":"","overlay-color":"","overlay-opacity":"","overlay-gradient":""},"mobile":{"background-color":"var(--ast-global-color-5)","background-image":"","background-repeat":"repeat","background-position":"center center","background-size":"auto","background-attachment":"scroll","background-type":"","background-media":"","overlay-type":"","overlay-color":"","overlay-opacity":"","overlay-gradient":""}},"footnotes":""},"class_list":["post-2144","page","type-page","status-publish","hentry"],"_links":{"self":[{"href":"http:\/\/acodalej.sk\/zh\/wp-json\/wp\/v2\/pages\/2144","targetHints":{"allow":["GET"]}}],"collection":[{"href":"http:\/\/acodalej.sk\/zh\/wp-json\/wp\/v2\/pages"}],"about":[{"href":"http:\/\/acodalej.sk\/zh\/wp-json\/wp\/v2\/types\/page"}],"author":[{"embeddable":true,"href":"http:\/\/acodalej.sk\/zh\/wp-json\/wp\/v2\/users\/1"}],"replies":[{"embeddable":true,"href":"http:\/\/acodalej.sk\/zh\/wp-json\/wp\/v2\/comments?post=2144"}],"version-history":[{"count":0,"href":"http:\/\/acodalej.sk\/zh\/wp-json\/wp\/v2\/pages\/2144\/revisions"}],"wp:attachment":[{"href":"http:\/\/acodalej.sk\/zh\/wp-json\/wp\/v2\/media?parent=2144"}],"curies":[{"name":"wp","href":"https:\/\/api.w.org\/{rel}","templated":true}]}}