{"id":2161,"date":"2024-09-15T13:40:26","date_gmt":"2024-09-15T13:40:26","guid":{"rendered":"http:\/\/acodalej.sk\/?page_id=2161"},"modified":"2024-11-09T16:02:09","modified_gmt":"2024-11-09T16:02:09","slug":"sest-dni-pracuj-a-siedmy-oddychuj","status":"publish","type":"page","link":"http:\/\/acodalej.sk\/zh\/sest-dni-pracuj-a-siedmy-oddychuj\/","title":{"rendered":"\u0160es\u0165 dn\u00ed pracuj a siedmy oddychuj"},"content":{"rendered":"<div data-elementor-type=\"wp-page\" data-elementor-id=\"2161\" class=\"elementor elementor-2161\">\n\t\t\t\t<div class=\"has_eae_slider elementor-element elementor-element-665e1c8 e-flex e-con-boxed e-con e-parent\" data-eae-slider=\"51697\" data-id=\"665e1c8\" data-element_type=\"container\">\n\t\t\t\t\t<div class=\"e-con-inner\">\n\t\t<div class=\"has_eae_slider elementor-element elementor-element-9d75474 e-flex e-con-boxed e-con e-child\" data-eae-slider=\"97255\" data-id=\"9d75474\" data-element_type=\"container\">\n\t\t\t\t\t<div class=\"e-con-inner\">\n\t\t\t\t<div class=\"elementor-element elementor-element-9ce8909 elementor-widget elementor-widget-heading\" data-id=\"9ce8909\" data-element_type=\"widget\" data-widget_type=\"heading.default\">\n\t\t\t\t<div class=\"elementor-widget-container\">\n\t\t\t\t\t<h2 class=\"elementor-heading-title elementor-size-default\">\u5de5\u4f5c\u516d\u5929\uff0c\u7b2c\u4e03\u5929\u4f11\u606f\u3002<\/h2>\t\t\t\t<\/div>\n\t\t\t\t<\/div>\n\t\t\t\t<div class=\"elementor-element elementor-element-a9adc6f elementor-widget elementor-widget-text-editor\" data-id=\"a9adc6f\" data-element_type=\"widget\" data-widget_type=\"text-editor.default\">\n\t\t\t\t<div class=\"elementor-widget-container\">\n\t\t\t\t\t\t\t\t\t<p class=\"Standard\"><em><b>\u5f53\u5b88\u5b89\u606f\u65e5\uff0c\u5b88\u4e3a\u5723\u65e5\uff0c\u6b63\u5982\u8036\u548c\u534e\u4f60\u795e\u6240\u5429\u5490\u4f60\u7684\u3002\u516d\u65e5\u8981\u52b3\u788c\u4f5c\u4f60\u4e00\u5207\u7684\u5de5\uff0c\u4f46\u7b2c\u4e03\u65e5\u662f\u5411\u8036\u548c\u534e\u4f60\u795e\u5f53\u5b88\u7684\u5b89\u606f\u65e5\u3002\u8fd9\u4e00\u65e5\u4f60\u548c\u4f60\u7684\u513f\u5973\u3001\u4ec6\u5a62\u3001\u725b\u3001\u9a74\u3001\u7272\u755c\uff0c\u5e76\u4f60\u57ce\u91cc\u5bc4\u5c45\u7684\u5ba2\u65c5\uff0c\u65e0\u8bba\u4f55\u5de5\u90fd\u4e0d\u53ef\u4f5c\uff0c\u4f7f\u4f60\u7684\u4ec6\u5a62\u53ef\u4ee5\u548c\u4f60\u4e00\u6837\u5b89\u606f\u3002\u4f60\u4e5f\u8981\u8bb0\u5ff5\u4f60\u5728\u57c3\u53ca\u4f5c\u8fc7\u5974\u4ec6\uff0c\u8036\u548c\u534e\u4f60\u795e\u7528\u5927\u80fd\u7684\u624b\u548c\u4f38\u51fa\u6765\u7684\u8180\u81c2\u5c06\u4f60\u4ece\u90a3\u91cc\u9886\u51fa\u6765\u3002\u56e0\u6b64\uff0c\u8036\u548c\u534e\u4f60\u795e\u5429\u5490\u4f60\u5b88\u5b89\u606f\u65e5\u3002<\/b><\/em><\/p><p class=\"Standard\"><em><b>\u7533\u547d\u8bb0 5:12-15<\/b><\/em><\/p>\t\t\t\t\t\t\t\t<\/div>\n\t\t\t\t<\/div>\n\t\t\t\t\t<\/div>\n\t\t\t\t<\/div>\n\t\t\t\t\t<\/div>\n\t\t\t\t<\/div>\n\t\t<div class=\"has_eae_slider elementor-element elementor-element-365ec16 e-flex e-con-boxed e-con e-parent\" data-eae-slider=\"74764\" data-id=\"365ec16\" data-element_type=\"container\">\n\t\t\t\t\t<div class=\"e-con-inner\">\n\t\t<div class=\"has_eae_slider elementor-element elementor-element-f269339 e-flex e-con-boxed e-con e-child\" data-eae-slider=\"59500\" data-id=\"f269339\" data-element_type=\"container\">\n\t\t\t\t\t<div class=\"e-con-inner\">\n\t\t\t\t<div class=\"elementor-element elementor-element-225cef1 elementor-widget elementor-widget-text-editor\" data-id=\"225cef1\" data-element_type=\"widget\" data-widget_type=\"text-editor.default\">\n\t\t\t\t<div class=\"elementor-widget-container\">\n\t\t\t\t\t\t\t\t\t<p>\u4e0a\u5e1d\u6309\u7167\u4ed6\u7684\u5f62\u8c61\u521b\u9020\u4e86\u6211\u4eec\u3002\u4e0a\u5e1d\u5de5\u4f5c\uff0c\u7136\u540e\u4f11\u606f\u3002\u4e0a\u5e1d\u7684\u8beb\u547d\u662f\u5de5\u4f5c\u516d\u5929\uff0c\u4f11\u606f\u4e00\u5929\uff0c\u4eba\u4eec\u5e94\u8be5\u5728\u4f11\u606f\u65e5\u91cc\u548c\u5e73\u5730\u76f8\u805a\uff0c\u611f\u8c22\u4e0a\u5e1d\u8d50\u4e88\u751f\u547d\u3002\u4efb\u4f55\u4e0d\u5de5\u4f5c\u7684\u4eba\u90fd\u88ab\u79f0\u4e3a\u5c0f\u5077\u6216\u5bc4\u751f\u866b\u3002\u5f53\u7136\uff0c\u4e5f\u6709\u4e00\u4e9b\u5b69\u5b50\u3001\u8001\u4eba\u548c\u6b8b\u75be\u4eba\u9700\u8981\u5e2e\u52a9\uff0c\u4ed6\u4eec\u65e0\u6cd5\u901a\u8fc7\u5de5\u4f5c\u517b\u6d3b\u81ea\u5df1\u3002\u4e0a\u5e1d\u5728\u5723\u7ecf\u4e2d\u591a\u6b21\u5f3a\u8c03\u5e2e\u52a9\u5f31\u8005\u3002\u00a0<\/p>\t\t\t\t\t\t\t\t<\/div>\n\t\t\t\t<\/div>\n\t\t\t\t<div class=\"elementor-element elementor-element-48c4d4e elementor-widget elementor-widget-text-editor\" data-id=\"48c4d4e\" data-element_type=\"widget\" data-widget_type=\"text-editor.default\">\n\t\t\t\t<div class=\"elementor-widget-container\">\n\t\t\t\t\t\t\t\t\t<p><em><strong>\u5982\u679c\u6709\u4eba\u4e0d\u60f3\u5de5\u4f5c\uff0c\u5c31\u8ba9\u4ed6\u4eec\u4e0d\u5403\u996d\uff01 <\/strong><\/em><\/p><p><em>\u5e16\u6492\u7f57\u5c3c\u8fe6\u540e\u4e66 3:10<\/em><\/p>\t\t\t\t\t\t\t\t<\/div>\n\t\t\t\t<\/div>\n\t\t\t\t<div class=\"elementor-element elementor-element-ab89810 elementor-widget elementor-widget-text-editor\" data-id=\"ab89810\" data-element_type=\"widget\" data-widget_type=\"text-editor.default\">\n\t\t\t\t<div class=\"elementor-widget-container\">\n\t\t\t\t\t\t\t\t\t<p class=\"Standard\"><em><strong>\u4ece\u524d\u5077\u7a83\u7684\uff0c\u4e0d\u8981\u518d\u5077\uff1b\u603b\u8981\u52b3\u4f5c\uff0c\u4eb2\u624b\u8d5a\u5f97\uff0c\u5c31\u53ef\u6709\u4f59\u5206\u7ed9\u90a3\u7f3a\u5c11\u7684\u4eba\u3002<\/strong><\/em><\/p><p class=\"Standard\"><em><strong> \u4ee5\u5f17\u6240\u4e66 4:28<\/strong><\/em><\/p>\t\t\t\t\t\t\t\t<\/div>\n\t\t\t\t<\/div>\n\t\t\t\t<div class=\"elementor-element elementor-element-b09ef0c elementor-widget elementor-widget-text-editor\" data-id=\"b09ef0c\" data-element_type=\"widget\" data-widget_type=\"text-editor.default\">\n\t\t\t\t<div class=\"elementor-widget-container\">\n\t\t\t\t\t\t\t\t\t<p>\u5173\u4e8e\u4f11\u606f\uff0c\u4e0a\u5e1d\u7684\u8beb\u547d\u63d0\u5230\u4e86\u4e0a\u5e1d\u8d50\u7ed9\u72b9\u592a\u4eba\u7684\u5b89\u606f\u65e5\u3002\u9664\u4e86\u5b89\u606f\u65e5\u4e4b\u5916\uff0c\u4e0a\u5e1d\u8fd8\u547d\u4ee4\u72b9\u592a\u4eba\u5728\u4e00\u5e74\u4e2d\u8981\u6709\u4f11\u606f\u7684\u65f6\u95f4\u2014\u2014\u8282\u5047\u65e5\uff0c\u72b9\u592a\u4eba\u4e0d\u5141\u8bb8\u5de5\u4f5c\uff0c\u4ee5\u53ca\u4ed6\u4eec\u53ef\u4ee5\u5403\u548c\u4e0d\u53ef\u4ee5\u5403\u7684\u98df\u7269\u3002\u5bf9\u4e8e\u975e\u72b9\u592a\u4eba\u6765\u8bf4\uff0c\u5373\u4f7f\u5728\u5b89\u606f\u65e5\u4e4b\u5916\uff0c\u5728\u4e03\u5929\u4e2d\u7684\u67d0\u4e00\u5929\u4f11\u606f\u4e5f\u5f88\u91cd\u8981\u3002\u8282\u65e5\u662f\u5bf9\u4e8b\u4ef6\u7684\u9884\u8a00\uff0c\u5176\u4e2d\u4e00\u4e9b\u5df2\u7ecf\u5b9e\u73b0\uff0c\u4e00\u4e9b\u4ecd\u5c06\u5b9e\u73b0\u3002\u4ee5\u8272\u5217\u6c11\u65cf\u81f3\u4eca\u4ecd\u9075\u5b88\u8fd9\u4e9b\u5723\u7ecf\u8282\u65e5\u3002\u4f8b\u5982\uff0c\u72b9\u592a\u4eba\u7684\u903e\u8d8a\u8282\u2014\u2014\u95f0\u5e74\uff0c\u5728\u8fd9\u4e00\u5e74\uff0c\u72b9\u592a\u4eba\u6446\u8131\u4e86\u57c3\u53ca\u7684\u5974\u5f79\uff0c\u732e\u796d\u4e86\u4e00\u53ea\u7f94\u7f8a\uff0c\u4ee5\u4fbf\u5de1\u884c\u57c3\u53ca\u7684\u706d\u547d\u5929\u4f7f\u4e0d\u4f1a\u6740\u6b7b\u4ed6\u4eec\uff0c\u800c\u662f\u8df3\u8fc7\u4ed6\u4eec\u7684\u623f\u5c4b\u3002\u4ed6\u4eec\u6bcf\u5e74\u90fd\u5e86\u795d\u903e\u8d8a\u8282\uff0c\u800c\u5c31\u5728\u8fd9\u4e00\u5929\uff0c\u7f94\u7f8a\u2014\u2014\u4e3b\u8036\u7a23\u2014\u2014\u88ab\u732e\u796d\uff0c\u4ece\u800c\u5b9e\u73b0\u4e86\u8fd9\u4e2a\u8282\u65e5\u7684\u610f\u4e49\u3002\u4efb\u4f55\u76f8\u4fe1\u4ed6\u4e3a\u6211\u4eec\u4ee3\u7977\u5e76\u5c06\u751f\u547d\u4ea4\u6258\u7ed9\u4ed6\u7684\u4eba\uff0c\u90fd\u5c06\u514d\u4e8e\u5730\u72f1\u7684\u6c38\u6052\u6c89\u6ca6\u3002\u5173\u4e8e\u98df\u7269\uff0c\u4e3b\u8036\u7a23\u8bf4\uff0c\u9664\u4e86\u52a8\u7269\u7684\u8840\uff0c\u4ec0\u4e48\u90fd\u53ef\u4ee5\u5403\u3002\u72b9\u592a\u4eba\u6240\u89c4\u5b9a\u7684\u98df\u7269\uff0c\u5bf9\u975e\u72b9\u592a\u4eba\u6765\u8bf4\uff0c\u4e5f\u53cd\u6620\u4e86\u6211\u4eec\u7528\u773c\u775b\u548c\u8033\u6735\u6240\u63a5\u53d7\u7684\u4e1c\u897f\u3002\u00a0\u00a0<\/p>\t\t\t\t\t\t\t\t<\/div>\n\t\t\t\t<\/div>\n\t\t\t\t<div class=\"elementor-element elementor-element-89ac5e1 elementor-widget elementor-widget-text-editor\" data-id=\"89ac5e1\" data-element_type=\"widget\" data-widget_type=\"text-editor.default\">\n\t\t\t\t<div class=\"elementor-widget-container\">\n\t\t\t\t\t\t\t\t\t<p class=\"Standard\"><em><strong>16 \u6240\u4ee5\uff0c\u4e0d\u62d8\u5728\u996e\u98df\u4e0a\uff0c\u6216\u8282\u671f\u3001\u6708\u6714\u3001\u5b89\u606f\u65e5\uff0c\u90fd\u4e0d\u53ef\u8ba9\u4eba\u8bba\u65ad\u4f60\u4eec\u300217 \u8fd9\u4e9b\u539f\u662f\u540e\u4e8b\u7684\u5f71\u513f\uff0c\u90a3\u5f62\u4f53\u5374\u662f\u57fa\u7763\u3002 <\/strong><\/em><\/p><p class=\"Standard\"><em><strong>\u6b4c\u7f57\u897f\u4e66 2:16-17<\/strong><\/em><\/p>\t\t\t\t\t\t\t\t<\/div>\n\t\t\t\t<\/div>\n\t\t\t\t<div class=\"elementor-element elementor-element-4111d1d elementor-widget elementor-widget-text-editor\" data-id=\"4111d1d\" data-element_type=\"widget\" data-widget_type=\"text-editor.default\">\n\t\t\t\t<div class=\"elementor-widget-container\">\n\t\t\t\t\t\t\t\t\t<p class=\"Standard\"><strong><em>\u4ece\u5916\u9762\u8fdb\u5165\u4eba\u91cc\u9762\u7684\uff0c\u4e0d\u80fd\u6c61\u79fd\u4eba\u5417\uff1f\u5b83\u4e0d\u8fdb\u4eba\u7684\u5fc3\uff0c\u5374\u8fdb\u4eba\u7684\u809a\u8179\uff0c\u6392\u6cc4\u5230\u9634\u6c9f\u91cc\u3002\u201d \u56e0\u6b64\uff0c\u4ed6\u5ba3\u79f0\u6240\u6709\u98df\u7269\u90fd\u662f\u6d01\u51c0\u7684\u3002\u4ed6\u8fd8\u8865\u5145\u9053\uff1a\u201c\u4ece\u4eba\u91cc\u9762\u51fa\u6765\u7684\uff0c\u624d\u6c61\u79fd\u4eba\u3002\u56e0\u4e3a\u4ece\u91cc\u9762\uff0c\u4ece\u4eba\u5fc3\u91cc\uff0c\u53d1\u51fa\u6076\u5ff5\u3001\u82df\u5408\u3001\u5077\u76d7\u3001\u51f6\u6740\u3001\u5978\u6deb\u3001\u8d2a\u5a6a\u3001\u90aa\u6076\u3001\u8be1\u8bc8\u3001\u6deb\u8361\u3001\u5ac9\u5992\u3001\u8c24\u8b9f\u3001\u9a84\u50b2\u3001\u72c2\u5984\u3002\u8fd9\u4e00\u5207\u7684\u6076\uff0c\u90fd\u662f\u4ece\u91cc\u9762\u51fa\u6765\uff0c\u4e14\u80fd\u6c61\u79fd\u4eba\u3002\u201d <\/em><\/strong><\/p><p class=\"Standard\"><strong><em>\u9a6c\u53ef\u798f\u97f3 7:19-23<\/em><\/strong><\/p>\t\t\t\t\t\t\t\t<\/div>\n\t\t\t\t<\/div>\n\t\t\t\t<div class=\"elementor-element elementor-element-34dd2ff elementor-widget elementor-widget-text-editor\" data-id=\"34dd2ff\" data-element_type=\"widget\" data-widget_type=\"text-editor.default\">\n\t\t\t\t<div class=\"elementor-widget-container\">\n\t\t\t\t\t\t\t\t\t<p>\u4e03\u5929\u4e00\u5468\u7684\u6982\u5ff5\u8d77\u6e90\u4e8e\u300a\u5723\u7ecf\u300b\u4e2d\u7684\u521b\u4e16\u80cc\u666f\u3002<\/p>\t\t\t\t\t\t\t\t<\/div>\n\t\t\t\t<\/div>\n\t\t\t\t<div class=\"elementor-element elementor-element-0076aa7 elementor-widget elementor-widget-text-editor\" data-id=\"0076aa7\" data-element_type=\"widget\" data-widget_type=\"text-editor.default\">\n\t\t\t\t<div class=\"elementor-widget-container\">\n\t\t\t\t\t\t\t\t\t<p class=\"Standard\">\u8fdd\u53cd\u4e0a\u5e1d\u5f8b\u6cd5\u7684\u540e\u679c\u662f\u6b7b\u4ea1\u2014\u2014\u4e0e\u4e0a\u5e1d\u9694\u7edd\uff0c\u906d\u53d7\u82e6\u96be\u3002\u4f46\u4e0a\u5e1d\u8d50\u4e88\u7684\u793c\u7269\u2014\u2014\u767d\u767d\u8d50\u4e88\u6240\u6709\u4eba\u7684\u793c\u7269\u2014\u2014\u662f\u5bbd\u6055\u548c\u6c38\u751f\uff0c\u56e0\u4e3a\u6211\u4eec\u8ba4\u8bc6\u5230\u4e0a\u5e1d\u7684\u5b8c\u7f8e\uff0c\u800c\u6211\u4eec\u5374\u662f\u90aa\u6076\u7684\u3002\u6211\u4eec\u63a5\u53d7\u4e0a\u5e1d\u7ed9\u4e88\u6211\u4eec\u7684\u5e2e\u52a9\uff0c\u5e76\u57fa\u4e8e\u8036\u7a23\u57fa\u7763\u7684\u727a\u7272\u7948\u6c42\u5bbd\u6055\u6211\u4eec\u7684\u7f6a\u5b7d\u3002\u83b7\u5f97\u5bbd\u6055\u540e\uff0c\u6211\u4eec\u627f\u8bfa\u987a\u670d\u9020\u7269\u4e3b\uff0c\u5728\u7942\u8d50\u4e88\u6211\u4eec\u7684\u65b0\u751f\u547d\u4e2d\u5b66\u4e60\u548c\u5c0a\u91cd\u7942\u7684\u5f8b\u6cd5\u3002<\/p>\t\t\t\t\t\t\t\t<\/div>\n\t\t\t\t<\/div>\n\t\t\t\t<div class=\"elementor-element elementor-element-68113b7 elementor-widget elementor-widget-text-editor\" data-id=\"68113b7\" data-element_type=\"widget\" data-widget_type=\"text-editor.default\">\n\t\t\t\t<div class=\"elementor-widget-container\">\n\t\t\t\t\t\t\t\t\t<p class=\"Standard\">\u5728\u4ee5\u8272\u5217\uff0c\u4e25\u91cd\u7684\u7f6a\u884c\u7531\u793e\u4f1a\u4e0a\u8d1f\u8d23\u4efb\u7684\u4eba\u2014\u2014\u6cd5\u5b98\u2014\u2014\u516c\u5f00\u5ba1\u5224\uff0c\u4eba\u4eec\u4e5f\u53d7\u5230\u516c\u5f00\u60e9\u7f5a\u3002\u8fd9\u662f\u4e3a\u4e86\u9632\u6b62\u6574\u4e2a\u4ee5\u8272\u5217\u793e\u4f1a\u9677\u5165\u53db\u4e71\uff0c\u4ece\u800c\u843d\u5165\u4e0a\u5e1d\u7684\u5ba1\u5224\u4e4b\u4e0b\u3002\u4e0a\u5e1d\u662f\u5723\u6d01\u5b8c\u7f8e\u7684\uff0c\u5c45\u4f4f\u5728\u7231\u7684\u70c8\u706b\u4e2d\u3002\u5728\u7942\u9762\u524d\uff0c\u4e00\u5207\u90fd\u663e\u9732\u65e0\u9057\uff0c\u90aa\u6076\u5fc5\u5728\u7942\u7684\u70c8\u706b\u4e2d\u711a\u70e7\u6b86\u5c3d\u3002<\/p><p class=\"Standard\">\u5bf9\u6211\u4eec\u6765\u8bf4\uff0c\u8fd9\u610f\u5473\u7740\u5c0a\u91cd\u5404\u4e2a\u56fd\u5bb6\u7684\u6743\u5a01\uff0c\u56e0\u4e3a\u4e0a\u5e1d\u5c06\u5ba1\u5224\u548c\u60e9\u7f5a\u7684\u6743\u67c4\u8d4b\u4e88\u4e86\u4ed6\u4eec\u3002\u5c0a\u91cd\u4e0a\u5e1d\u7684\u5f8b\u6cd5\uff0c\u53d6\u51b3\u4e8e\u5404\u4e2a\u653f\u5e9c\uff0c\u4ee5\u53ca\u968f\u4e4b\u800c\u6765\u7684\u6cd5\u5b98\u3002<\/p><p class=\"Standard\">\u4e0a\u5e1d\u4e0d\u613f\u7f6a\u72af\u706d\u4ea1\uff0c\u800c\u662f\u5e0c\u671b\u4ed6\u4eec\u8fdb\u5165\u81ea\u6211\uff0c\u81ea\u6211\u7ea0\u6b63\uff0c\u5e76\u80fd\u501f\u7740\u4e0a\u5e1d\u7684\u6069\u5178\u800c\u6d3b\u3002\u4e00\u4e2a\u5e7f\u4e3a\u4eba\u77e5\u7684\u6545\u4e8b\u662f\uff0c\u4e00\u4e2a\u72af\u5978\u6deb\u88ab\u6293\u7684\u5973\u4eba\uff0c\u4ed6\u4eec\u6309\u7167\u4e0a\u5e1d\u7684\u5f8b\u6cd5\u8981\u7528\u77f3\u5934\u6253\u6b7b\u5979\uff0c\u5c31\u628a\u5979\u5e26\u5230\u8036\u7a23\u9762\u524d\u3002\u8036\u7a23\u8bf4\uff1a\u201c\u8c01\u662f\u6ca1\u6709\u7f6a\u7684\uff0c\u8c01\u5c31\u53ef\u4ee5\u5148\u62ff\u77f3\u5934\u6253\u5979\u3002\u201d \u5f53\u5979\u72ec\u81ea\u4e00\u4eba\uff0c\u4f17\u4eba\u90fd\u79bb\u5f00\u540e\uff0c\u8036\u7a23\u8bf4\uff1a\u201c\u96be\u9053\u6ca1\u6709\u4eba\u5b9a\u4f60\u7684\u7f6a\u5417\uff1f\u6211\u4e5f\u4e0d\u5b9a\u4f60\u7684\u7f6a\uff0c\u53bb\u5427\uff0c\u4ece\u6b64\u4e0d\u8981\u518d\u72af\u7f6a\u4e86\u3002\u201d \u4e0a\u5e1d\u5411\u6211\u4eec\u5c55\u73b0\u4e86\u81ea\u5df1\u662f\u516c\u4e49\u7684\uff0c\u4ed6\u8d4f\u5584\u7f5a\u6076\uff0c\u5374\u5bf9\u7834\u788e\u7684\u4eba\u65bd\u6069\u3002\u4e0a\u5e1d\u62b5\u6321\u9a84\u50b2\u7684\u4eba\uff0c\u5374\u8d50\u6069\u7ed9\u8c26\u5351\u7684\u4eba\u3002\u4e0a\u5e1d\u5e76\u6ca1\u6709\u5e9f\u9664\u5f8b\u6cd5\uff0c\u800c\u662f\u901a\u8fc7\u4e3b\u8036\u7a23\u6765\u6210\u5168\u5f8b\u6cd5\u3002<\/p>\t\t\t\t\t\t\t\t<\/div>\n\t\t\t\t<\/div>\n\t\t\t\t<div class=\"elementor-element elementor-element-3e38b7c elementor-widget elementor-widget-text-editor\" data-id=\"3e38b7c\" data-element_type=\"widget\" data-widget_type=\"text-editor.default\">\n\t\t\t\t<div class=\"elementor-widget-container\">\n\t\t\t\t\t\t\t\t\t<p class=\"Standard\"><em><strong>11<span style=\"color: #1e293b;\">\u00a0<\/span>\u4f60\u8981\u5bf9\u4ed6\u4eec\u8bf4\uff1a\u2018\u4e3b\u8036\u548c\u534e\u8bf4\uff1a\u6211\u6307\u7740\u6211\u7684\u6c38\u751f\u8d77\u8a93\uff0c\u6211\u65ad\u4e0d\u559c\u60a6\u6076\u4eba\u6b7b\u4ea1\uff0c\u60df\u559c\u60a6\u6076\u4eba\u8f6c\u79bb\u6240\u884c\u7684\u9053\u800c\u6d3b\u3002\u4f60\u4eec\u56de\u5934\u5427\uff0c\u8f6c\u5934\u5427\uff0c\u79bb\u5f00\u4f60\u4eec\u7684\u6076\u9053\uff01\u00a0<\/strong><\/em><\/p><p class=\"Standard\"><em><strong>\u4ee5\u897f\u7ed3\u4e66 33<\/strong><\/em><\/p>\t\t\t\t\t\t\t\t<\/div>\n\t\t\t\t<\/div>\n\t\t\t\t<div class=\"elementor-element elementor-element-9765c9d elementor-widget elementor-widget-text-editor\" data-id=\"9765c9d\" data-element_type=\"widget\" data-widget_type=\"text-editor.default\">\n\t\t\t\t<div class=\"elementor-widget-container\">\n\t\t\t\t\t\t\t\t\t<p class=\"Standard\"><em><strong>23<span style=\"color: #1e293b;\">\u00a0<\/span>\u56e0\u4e3a\u7f6a\u7684\u5de5\u4ef7\u4e43\u662f\u6b7b\uff1b\u60df\u6709\u795e\u6069\u5178\u7684\u6069\u8d50\uff0c\u5728\u6211\u4eec\u7684\u4e3b\u8036\u7a23\u57fa\u7763\u91cc\uff0c\u4e43\u662f\u6c38\u751f\u3002<\/strong><\/em><\/p><p class=\"Standard\"><em><strong>\u7f57\u9a6c\u4e66 6<\/strong><\/em><\/p>\t\t\t\t\t\t\t\t<\/div>\n\t\t\t\t<\/div>\n\t\t\t\t\t<\/div>\n\t\t\t\t<\/div>\n\t\t\t\t\t<\/div>\n\t\t\t\t<\/div>\n\t\t\t\t<\/div>","protected":false},"excerpt":{"rendered":"<p>\u0161es\u0165 dn\u00ed pracuj a siedmy oddychuj Zachov\u00e1vaj sobotn\u00fd de\u0148, aby si ho sv\u00e4til, ako ti prik\u00e1zal Hospodin, tvoj Boh! \u0160es\u0165 dn\u00ed bude\u0161 pracova\u0165 a kona\u0165 v\u0161etku svoju pr\u00e1cu.\u00a0 Siedmy de\u0148 je sobota pre Hospodina, tvojho Boha. Nebude\u0161 kona\u0165 nijak\u00fa pr\u00e1cu ani ty, ani tvoj syn, ani tvoja dc\u00e9ra, ani tvoj sluha, ani tvoja sl\u00fa\u017eka, ani [&hellip;]<\/p>","protected":false},"author":1,"featured_media":0,"parent":0,"menu_order":0,"comment_status":"closed","ping_status":"closed","template":"","meta":{"site-sidebar-layout":"no-sidebar","site-content-layout":"page-builder","ast-site-content-layout":"full-width-container","site-content-style":"unboxed","site-sidebar-style":"unboxed","ast-global-header-display":"","ast-banner-title-visibility":"","ast-main-header-display":"","ast-hfb-above-header-display":"","ast-hfb-below-header-display":"","ast-hfb-mobile-header-display":"","site-post-title":"disabled","ast-breadcrumbs-content":"","ast-featured-img":"disabled","footer-sml-layout":"disabled","theme-transparent-header-meta":"enabled","adv-header-id-meta":"","stick-header-meta":"","header-above-stick-meta":"","header-main-stick-meta":"","header-below-stick-meta":"","astra-migrate-meta-layouts":"set","ast-page-background-enabled":"default","ast-page-background-meta":{"desktop":{"background-color":"var(--ast-global-color-4)","background-image":"","background-repeat":"repeat","background-position":"center center","background-size":"auto","background-attachment":"scroll","background-type":"","background-media":"","overlay-type":"","overlay-color":"","overlay-opacity":"","overlay-gradient":""},"tablet":{"background-color":"","background-image":"","background-repeat":"repeat","background-position":"center center","background-size":"auto","background-attachment":"scroll","background-type":"","background-media":"","overlay-type":"","overlay-color":"","overlay-opacity":"","overlay-gradient":""},"mobile":{"background-color":"","background-image":"","background-repeat":"repeat","background-position":"center center","background-size":"auto","background-attachment":"scroll","background-type":"","background-media":"","overlay-type":"","overlay-color":"","overlay-opacity":"","overlay-gradient":""}},"ast-content-background-meta":{"desktop":{"background-color":"var(--ast-global-color-5)","background-image":"","background-repeat":"repeat","background-position":"center center","background-size":"auto","background-attachment":"scroll","background-type":"","background-media":"","overlay-type":"","overlay-color":"","overlay-opacity":"","overlay-gradient":""},"tablet":{"background-color":"var(--ast-global-color-5)","background-image":"","background-repeat":"repeat","background-position":"center center","background-size":"auto","background-attachment":"scroll","background-type":"","background-media":"","overlay-type":"","overlay-color":"","overlay-opacity":"","overlay-gradient":""},"mobile":{"background-color":"var(--ast-global-color-5)","background-image":"","background-repeat":"repeat","background-position":"center center","background-size":"auto","background-attachment":"scroll","background-type":"","background-media":"","overlay-type":"","overlay-color":"","overlay-opacity":"","overlay-gradient":""}},"footnotes":""},"class_list":["post-2161","page","type-page","status-publish","hentry"],"_links":{"self":[{"href":"http:\/\/acodalej.sk\/zh\/wp-json\/wp\/v2\/pages\/2161","targetHints":{"allow":["GET"]}}],"collection":[{"href":"http:\/\/acodalej.sk\/zh\/wp-json\/wp\/v2\/pages"}],"about":[{"href":"http:\/\/acodalej.sk\/zh\/wp-json\/wp\/v2\/types\/page"}],"author":[{"embeddable":true,"href":"http:\/\/acodalej.sk\/zh\/wp-json\/wp\/v2\/users\/1"}],"replies":[{"embeddable":true,"href":"http:\/\/acodalej.sk\/zh\/wp-json\/wp\/v2\/comments?post=2161"}],"version-history":[{"count":0,"href":"http:\/\/acodalej.sk\/zh\/wp-json\/wp\/v2\/pages\/2161\/revisions"}],"wp:attachment":[{"href":"http:\/\/acodalej.sk\/zh\/wp-json\/wp\/v2\/media?parent=2161"}],"curies":[{"name":"wp","href":"https:\/\/api.w.org\/{rel}","templated":true}]}}