{"id":2171,"date":"2024-09-15T13:50:21","date_gmt":"2024-09-15T13:50:21","guid":{"rendered":"http:\/\/acodalej.sk\/?page_id=2171"},"modified":"2024-11-09T16:24:03","modified_gmt":"2024-11-09T16:24:03","slug":"cti-otca-a-matku-a-budes-dobre-a-dlho-zit-na-zemi","status":"publish","type":"page","link":"http:\/\/acodalej.sk\/zh\/cti-otca-a-matku-a-budes-dobre-a-dlho-zit-na-zemi\/","title":{"rendered":"Cti otca a matku a bude\u0161 dobre a dlho \u017ei\u0165 na zemi"},"content":{"rendered":"<div data-elementor-type=\"wp-page\" data-elementor-id=\"2171\" class=\"elementor elementor-2171\">\n\t\t\t\t<div class=\"has_eae_slider elementor-element elementor-element-c37d0d3 e-flex e-con-boxed e-con e-parent\" data-eae-slider=\"45666\" data-id=\"c37d0d3\" data-element_type=\"container\">\n\t\t\t\t\t<div class=\"e-con-inner\">\n\t\t<div class=\"has_eae_slider elementor-element elementor-element-529969d e-flex e-con-boxed e-con e-child\" data-eae-slider=\"76372\" data-id=\"529969d\" data-element_type=\"container\">\n\t\t\t\t\t<div class=\"e-con-inner\">\n\t\t\t\t<div class=\"elementor-element elementor-element-307e0f1 elementor-widget elementor-widget-heading\" data-id=\"307e0f1\" data-element_type=\"widget\" data-widget_type=\"heading.default\">\n\t\t\t\t<div class=\"elementor-widget-container\">\n\t\t\t\t\t<h2 class=\"elementor-heading-title elementor-size-default\">\u5b5d\u656c\u4f60\u7684\u7236\u6bcd\uff0c\u4f60\u5c06\u5728\u4e16\u957f\u5bff\u3002<\/h2>\t\t\t\t<\/div>\n\t\t\t\t<\/div>\n\t\t\t\t<div class=\"elementor-element elementor-element-e382af4 elementor-widget elementor-widget-text-editor\" data-id=\"e382af4\" data-element_type=\"widget\" data-widget_type=\"text-editor.default\">\n\t\t\t\t<div class=\"elementor-widget-container\">\n\t\t\t\t\t\t\t\t\t<p class=\"Standard\"><strong><em>\u201c\u5f53\u5b5d\u656c\u7236\u6bcd\uff0c\u6b63\u5982\u8036\u548c\u534e\u4f60\u795e\u6240\u5429\u5490\u4f60\u7684\uff0c\u4f7f\u4f60\u7684\u65e5\u5b50\u5f97\u4ee5\u957f\u4e45\uff0c\u5e76\u4f7f\u4f60\u5f97\u798f\uff0c\u5728\u8036\u548c\u534e\u4f60\u795e\u6240\u8d50\u4f60\u7684\u5730\u4e0a\u5f97\u4ee5\u957f\u4e45\u3002\u201d<\/em><\/strong><\/p><p class=\"Standard\"><strong><em>\u7533\u547d\u8bb0 5:16<\/em><\/strong><\/p>\t\t\t\t\t\t\t\t<\/div>\n\t\t\t\t<\/div>\n\t\t\t\t\t<\/div>\n\t\t\t\t<\/div>\n\t\t\t\t\t<\/div>\n\t\t\t\t<\/div>\n\t\t<div class=\"has_eae_slider elementor-element elementor-element-4973e2d e-flex e-con-boxed e-con e-parent\" data-eae-slider=\"6035\" data-id=\"4973e2d\" data-element_type=\"container\">\n\t\t\t\t\t<div class=\"e-con-inner\">\n\t\t<div class=\"has_eae_slider elementor-element elementor-element-a1515e4 e-flex e-con-boxed e-con e-child\" data-eae-slider=\"81341\" data-id=\"a1515e4\" data-element_type=\"container\">\n\t\t\t\t\t<div class=\"e-con-inner\">\n\t\t\t\t<div class=\"elementor-element elementor-element-1f48ef9 elementor-widget elementor-widget-text-editor\" data-id=\"1f48ef9\" data-element_type=\"widget\" data-widget_type=\"text-editor.default\">\n\t\t\t\t<div class=\"elementor-widget-container\">\n\t\t\t\t\t\t\t\t\t<p class=\"Standard\">\u5b5d\u656c\u7236\u6bcd\uff0c\u4e0a\u5e1d\u8d50\u4e88\u6211\u4eec\u751f\u547d\u3002\u5b5d\u656c\u957f\u8f88\u548c\u793e\u4f1a\u6743\u5a01\u3002\u5c0a\u91cd\u662f\u5bf9\u4ed6\u4eba\u7684\u5c0a\u91cd\uff0c\u4f53\u73b0\u5728\u95ee\u5019\u3001\u503e\u542c\u3001\u4e0d\u8bfd\u8c24\uff0c\u4ee5\u53ca\u5176\u4ed6\u5e94\u9075\u5faa\u7684\u51c6\u5219\u3002<\/p>\t\t\t\t\t\t\t\t<\/div>\n\t\t\t\t<\/div>\n\t\t\t\t<div class=\"elementor-element elementor-element-a3b6ba1 elementor-widget elementor-widget-text-editor\" data-id=\"a3b6ba1\" data-element_type=\"widget\" data-widget_type=\"text-editor.default\">\n\t\t\t\t<div class=\"elementor-widget-container\">\n\t\t\t\t\t\t\t\t\t<p class=\"Standard\"><em><strong>9<span style=\"color: #1e293b;\">\u00a0<\/span>\u5492\u9a82\u7236\u4eb2\u6216\u6bcd\u4eb2\u7684\uff0c\u5fc5\u88ab\u5904\u6b7b\uff1b\u5492\u9a82\u7236\u4eb2\u6216\u6bcd\u4eb2\u7684\uff0c\u5fc5\u62c5\u5f53\u4ed6\u6d41\u8840\u7684\u7f6a\u3002<\/strong><\/em><\/p><p class=\"Standard\"><em><strong>3\u3001\u83ab\u4f0a\u65e5\u7d22\u5a03 20<\/strong><\/em><\/p>\t\t\t\t\t\t\t\t<\/div>\n\t\t\t\t<\/div>\n\t\t\t\t<div class=\"elementor-element elementor-element-af1c2d1 elementor-widget elementor-widget-text-editor\" data-id=\"af1c2d1\" data-element_type=\"widget\" data-widget_type=\"text-editor.default\">\n\t\t\t\t<div class=\"elementor-widget-container\">\n\t\t\t\t\t\t\t\t\t<p class=\"Standard\"><em><strong>\u7f57\u9a6c\u4e6613\u7ae0 <\/strong><\/em><\/p><p class=\"Standard\"><em><strong>1 \u5728\u4e0a\u6709\u6743\u67c4\u7684\uff0c\u4eba\u4eba\u5f53\u987a\u670d\u4ed6\u3002\u56e0\u4e3a\u6ca1\u6709\u6743\u67c4\u4e0d\u662f\u51fa\u4e8e\u795e\u7684\u3002\u51e1\u638c\u6743\u7684\u90fd\u662f\u795e\u6240\u547d\u7684\u3002 <\/strong><\/em><em><strong>2 \u6240\u4ee5\uff0c\u6297\u62d2\u638c\u6743\u7684\uff0c\u5c31\u662f\u6297\u62d2\u795e\u7684\u65e8\u610f\uff1b\u6297\u62d2\u7684\u4eba\u5fc5\u81ea\u53d6\u5ba1\u5224\u3002 <\/strong><\/em><em><strong>3 \u4e0d\u8981\u56e0\u884c\u5584\u60e7\u6015\u5b98\u957f\uff0c\u5374\u8981\u56e0\u4f5c\u6076\u60e7\u6015\u4ed6\u3002\u4f60\u4eec\u5c82\u4e0d\u60e7\u6015\u638c\u6743\u7684\u5417\uff1f\u53ea\u8981\u884c\u5584\uff0c\u5c31\u5fc5\u5f97\u4ed6\u7684\u79f0\u8d5e\u3002 <\/strong><\/em><em><strong>4 \u56e0\u4e3a\u5b83\u662f\u795e\u7684\u5dee\u5f79\uff0c\u662f\u4e0e\u4f60\u4eec\u6709\u76ca\u7684\u3002\u4f60\u4eec\u82e5\u4f5c\u6076\uff0c\u5374\u8981\u60e7\u6015\uff0c\u56e0\u4e3a\u5b83\u4e0d\u662f\u7a7a\u7a7a\u5730\u4f69\u5251\uff0c\u800c\u662f\u795e\u7684\u5dee\u5f79\uff0c\u662f\u62a5\u5e94\u7684\uff0c\u662f\u6267\u884c\u6124\u6012\u7684\uff0c\u5bf9\u4f5c\u6076\u7684\u4eba\u65bd\u884c\u5211\u7f5a\u3002 <\/strong><\/em><em><strong>5 \u6240\u4ee5\u4f60\u4eec\u5fc5\u987b\u987a\u670d\uff0c\u4e0d\u4f46\u662f\u56e0\u4e3a\u5211\u7f5a\uff0c\u4e5f\u662f\u56e0\u4e3a\u826f\u5fc3\u3002 <\/strong><\/em><em><strong>6 \u4f60\u4eec\u7eb3\u7a0e\uff0c\u662f\u4e3a\u8fd9\u7f18\u6545\uff0c\u56e0\u4e3a\u4ed6\u4eec\u662f\u4e0a\u5e1d\u7684\u5dee\u5f79\uff0c\u4e13\u7ba1\u8fd9\u4e8b\u3002 <\/strong><\/em><em><strong>7 \u51e1\u5e94\u5f97\u7684\uff0c\u5c31\u5411\u4ed6\u4eec\u7eb3\u7a0e\uff1b\u5e94\u5f97\u7a0e\u7684\uff0c\u5c31\u5411\u4ed6\u4eec\u7eb3\u7a0e\uff1b\u5e94\u53d7\u60ca\u5413\u7684\uff0c\u5c31\u5411\u4ed6\u4eec\u656c\u754f\uff1b\u5e94\u53d7\u5c0a\u656c\u7684\uff0c\u5c31\u5c0a\u656c\u4ed6\u4eec\u3002<\/strong><\/em><\/p>\t\t\t\t\t\t\t\t<\/div>\n\t\t\t\t<\/div>\n\t\t\t\t<div class=\"elementor-element elementor-element-01ce192 elementor-widget elementor-widget-text-editor\" data-id=\"01ce192\" data-element_type=\"widget\" data-widget_type=\"text-editor.default\">\n\t\t\t\t<div class=\"elementor-widget-container\">\n\t\t\t\t\t\t\t\t\t<p class=\"Standard\">\u8fdd\u53cd\u4e0a\u5e1d\u5f8b\u6cd5\u7684\u540e\u679c\u662f\u6b7b\u4ea1\u2014\u2014\u4e0e\u4e0a\u5e1d\u9694\u7edd\uff0c\u906d\u53d7\u82e6\u96be\u3002\u4f46\u4e0a\u5e1d\u8d50\u4e88\u7684\u793c\u7269\u2014\u2014\u767d\u767d\u8d50\u4e88\u6240\u6709\u4eba\u7684\u793c\u7269\u2014\u2014\u662f\u5bbd\u6055\u548c\u6c38\u751f\uff0c\u56e0\u4e3a\u6211\u4eec\u8ba4\u8bc6\u5230\u4e0a\u5e1d\u7684\u5b8c\u7f8e\uff0c\u800c\u6211\u4eec\u662f\u90aa\u6076\u7684\u3002\u6211\u4eec\u63a5\u53d7\u4e0a\u5e1d\u7ed9\u4e88\u6211\u4eec\u7684\u5e2e\u52a9\uff0c\u5e76\u57fa\u4e8e\u8036\u7a23\u57fa\u7763\u7684\u727a\u7272\u7948\u6c42\u5bbd\u6055\u6211\u4eec\u7684\u7f6a\u5b7d\u3002\u83b7\u5f97\u5bbd\u6055\u540e\uff0c\u6211\u4eec\u627f\u8bfa\u5728\u9020\u7269\u4e3b\u8d50\u4e88\u7684\u65b0\u751f\u547d\u4e2d\u5b66\u4e60\u548c\u5c0a\u91cd\u4ed6\u7684\u5f8b\u6cd5\uff0c\u4ee5\u6b64\u6765\u987a\u670d\u4ed6\u3002<\/p><p class=\"Standard\">\u5728\u4ee5\u8272\u5217\uff0c\u4e25\u91cd\u7684\u7f6a\u884c\u7531\u793e\u4f1a\u4e0a\u8d1f\u8d23\u4efb\u7684\u4eba\u2014\u2014\u6cd5\u5b98\u2014\u2014\u516c\u5f00\u5ba1\u5224\uff0c\u4eba\u4eec\u4e5f\u53d7\u5230\u516c\u5f00\u60e9\u7f5a\u3002\u8fd9\u662f\u4e3a\u4e86\u9632\u6b62\u6574\u4e2a\u4ee5\u8272\u5217\u793e\u4f1a\u9677\u5165\u53db\u4e71\uff0c\u4ece\u800c\u843d\u5165\u4e0a\u5e1d\u7684\u5ba1\u5224\u4e4b\u4e0b\u3002\u4e0a\u5e1d\u662f\u5723\u6d01\u5b8c\u7f8e\u7684\uff0c\u5c45\u4f4f\u5728\u7231\u7684\u70c8\u706b\u4e2d\u3002\u5728\u7942\u9762\u524d\uff0c\u4e00\u5207\u90fd\u663e\u9732\u65e0\u9057\uff0c\u90aa\u6076\u5fc5\u5728\u7942\u7684\u70c8\u706b\u4e2d\u711a\u70e7\u6b86\u5c3d\u3002<\/p><p class=\"Standard\">\u5bf9\u6211\u4eec\u6765\u8bf4\uff0c\u8fd9\u610f\u5473\u7740\u5c0a\u91cd\u5404\u4e2a\u56fd\u5bb6\u7684\u6743\u5a01\uff0c\u56e0\u4e3a\u4e0a\u5e1d\u5c06\u5ba1\u5224\u548c\u60e9\u7f5a\u7684\u6743\u67c4\u8d4b\u4e88\u4e86\u4ed6\u4eec\u3002\u5c0a\u91cd\u4e0a\u5e1d\u7684\u5f8b\u6cd5\uff0c\u53d6\u51b3\u4e8e\u5404\u4e2a\u653f\u5e9c\uff0c\u4ee5\u53ca\u968f\u4e4b\u800c\u6765\u7684\u6cd5\u5b98\u3002<\/p><p class=\"Standard\">\u4e0a\u5e1d\u4e0d\u613f\u7f6a\u72af\u706d\u4ea1\uff0c\u800c\u662f\u5e0c\u671b\u4ed6\u4eec\u8fdb\u5165\u81ea\u6211\uff0c\u81ea\u6211\u7ea0\u6b63\uff0c\u5e76\u80fd\u501f\u7740\u4e0a\u5e1d\u7684\u6069\u5178\u800c\u6d3b\u3002\u4e00\u4e2a\u5e7f\u4e3a\u4eba\u77e5\u7684\u6545\u4e8b\u662f\uff0c\u4e00\u4e2a\u72af\u5978\u6deb\u88ab\u6293\u7684\u5973\u4eba\uff0c\u4ed6\u4eec\u6309\u7167\u4e0a\u5e1d\u7684\u5f8b\u6cd5\u8981\u7528\u77f3\u5934\u6253\u6b7b\u5979\uff0c\u5c31\u628a\u5979\u5e26\u5230\u8036\u7a23\u9762\u524d\u3002\u8036\u7a23\u8bf4\uff1a\u201c\u8c01\u662f\u6ca1\u6709\u7f6a\u7684\uff0c\u8c01\u5c31\u53ef\u4ee5\u5148\u62ff\u77f3\u5934\u6253\u5979\u3002\u201d \u5f53\u5979\u72ec\u81ea\u4e00\u4eba\uff0c\u4f17\u4eba\u90fd\u79bb\u5f00\u540e\uff0c\u8036\u7a23\u8bf4\uff1a\u201c\u96be\u9053\u6ca1\u6709\u4eba\u5b9a\u4f60\u7684\u7f6a\u5417\uff1f\u6211\u4e5f\u4e0d\u5b9a\u4f60\u7684\u7f6a\uff0c\u53bb\u5427\uff0c\u4ece\u6b64\u4e0d\u8981\u518d\u72af\u7f6a\u4e86\u3002\u201d \u4e0a\u5e1d\u5411\u6211\u4eec\u5c55\u73b0\u4e86\u81ea\u5df1\u662f\u516c\u4e49\u7684\uff0c\u4ed6\u8d4f\u5584\u7f5a\u6076\uff0c\u5374\u5bf9\u7834\u788e\u7684\u4eba\u65bd\u6069\u3002\u4e0a\u5e1d\u62b5\u6321\u9a84\u50b2\u7684\u4eba\uff0c\u5374\u8d50\u6069\u7ed9\u8c26\u5351\u7684\u4eba\u3002\u4e0a\u5e1d\u5e76\u6ca1\u6709\u5e9f\u9664\u5f8b\u6cd5\uff0c\u800c\u662f\u901a\u8fc7\u4e3b\u8036\u7a23\u6765\u6210\u5168\u5f8b\u6cd5\u3002<\/p>\t\t\t\t\t\t\t\t<\/div>\n\t\t\t\t<\/div>\n\t\t\t\t<div class=\"elementor-element elementor-element-489c43a elementor-widget elementor-widget-text-editor\" data-id=\"489c43a\" data-element_type=\"widget\" data-widget_type=\"text-editor.default\">\n\t\t\t\t<div class=\"elementor-widget-container\">\n\t\t\t\t\t\t\t\t\t<p class=\"Standard\"><em><strong>11<span style=\"color: #1e293b;\">\u00a0<\/span>\u4f60\u8981\u5bf9\u4ed6\u4eec\u8bf4\uff1a\u2018\u4e3b\u8036\u548c\u534e\u8bf4\uff1a\u6211\u6307\u7740\u6211\u7684\u6c38\u751f\u8d77\u8a93\uff0c\u6211\u65ad\u4e0d\u559c\u60a6\u6076\u4eba\u6b7b\u4ea1\uff0c\u60df\u559c\u60a6\u6076\u4eba\u8f6c\u79bb\u6240\u884c\u7684\u9053\u800c\u6d3b\u3002\u4f60\u4eec\u56de\u5934\u5427\uff0c\u8f6c\u5934\u5427\uff0c\u79bb\u5f00\u4f60\u4eec\u7684\u6076\u9053\uff01\u00a0<\/strong><\/em><\/p><p class=\"Standard\"><em><strong>\u4ee5\u897f\u7ed3\u4e66 33<\/strong><\/em><\/p>\t\t\t\t\t\t\t\t<\/div>\n\t\t\t\t<\/div>\n\t\t\t\t<div class=\"elementor-element elementor-element-752a029 elementor-widget elementor-widget-text-editor\" data-id=\"752a029\" data-element_type=\"widget\" data-widget_type=\"text-editor.default\">\n\t\t\t\t<div class=\"elementor-widget-container\">\n\t\t\t\t\t\t\t\t\t<p class=\"Standard\"><em><strong>23<span style=\"color: #1e293b;\">\u00a0<\/span>\u56e0\u4e3a\u7f6a\u7684\u5de5\u4ef7\u4e43\u662f\u6b7b\uff1b\u60df\u6709\u795e\u6069\u5178\u7684\u6069\u8d50\uff0c\u5728\u6211\u4eec\u7684\u4e3b\u8036\u7a23\u57fa\u7763\u91cc\uff0c\u4e43\u662f\u6c38\u751f\u3002<\/strong><\/em><\/p><p class=\"Standard\"><em><strong>\u7f57\u9a6c\u4e66 6<\/strong><\/em><\/p>\t\t\t\t\t\t\t\t<\/div>\n\t\t\t\t<\/div>\n\t\t\t\t\t<\/div>\n\t\t\t\t<\/div>\n\t\t\t\t\t<\/div>\n\t\t\t\t<\/div>\n\t\t\t\t<\/div>","protected":false},"excerpt":{"rendered":"<p>cti otca a matku a bude\u0161 dobre a dlho \u017ei\u0165 na zemi &#8222;Cti svojho otca a svoju matku, ako ti prik\u00e1zal Hospodin, tvoj Boh, aby si dlho \u017eil a dobre sa ti vodilo v krajine, ktor\u00fa ti d\u00e1va Hospodin, tvoj Boh!&#8220; 5. Moj\u017ei\u0161ova 5,16 Ma\u0165 v \u00facte rodi\u010dov, cez ktor\u00fdch n\u00e1m Boh daroval \u017eivot. Ma\u0165 [&hellip;]<\/p>","protected":false},"author":1,"featured_media":0,"parent":0,"menu_order":0,"comment_status":"closed","ping_status":"closed","template":"","meta":{"site-sidebar-layout":"no-sidebar","site-content-layout":"page-builder","ast-site-content-layout":"full-width-container","site-content-style":"unboxed","site-sidebar-style":"unboxed","ast-global-header-display":"","ast-banner-title-visibility":"","ast-main-header-display":"","ast-hfb-above-header-display":"","ast-hfb-below-header-display":"","ast-hfb-mobile-header-display":"","site-post-title":"disabled","ast-breadcrumbs-content":"","ast-featured-img":"disabled","footer-sml-layout":"disabled","theme-transparent-header-meta":"enabled","adv-header-id-meta":"","stick-header-meta":"","header-above-stick-meta":"","header-main-stick-meta":"","header-below-stick-meta":"","astra-migrate-meta-layouts":"set","ast-page-background-enabled":"default","ast-page-background-meta":{"desktop":{"background-color":"var(--ast-global-color-4)","background-image":"","background-repeat":"repeat","background-position":"center center","background-size":"auto","background-attachment":"scroll","background-type":"","background-media":"","overlay-type":"","overlay-color":"","overlay-opacity":"","overlay-gradient":""},"tablet":{"background-color":"","background-image":"","background-repeat":"repeat","background-position":"center center","background-size":"auto","background-attachment":"scroll","background-type":"","background-media":"","overlay-type":"","overlay-color":"","overlay-opacity":"","overlay-gradient":""},"mobile":{"background-color":"","background-image":"","background-repeat":"repeat","background-position":"center center","background-size":"auto","background-attachment":"scroll","background-type":"","background-media":"","overlay-type":"","overlay-color":"","overlay-opacity":"","overlay-gradient":""}},"ast-content-background-meta":{"desktop":{"background-color":"var(--ast-global-color-5)","background-image":"","background-repeat":"repeat","background-position":"center center","background-size":"auto","background-attachment":"scroll","background-type":"","background-media":"","overlay-type":"","overlay-color":"","overlay-opacity":"","overlay-gradient":""},"tablet":{"background-color":"var(--ast-global-color-5)","background-image":"","background-repeat":"repeat","background-position":"center center","background-size":"auto","background-attachment":"scroll","background-type":"","background-media":"","overlay-type":"","overlay-color":"","overlay-opacity":"","overlay-gradient":""},"mobile":{"background-color":"var(--ast-global-color-5)","background-image":"","background-repeat":"repeat","background-position":"center center","background-size":"auto","background-attachment":"scroll","background-type":"","background-media":"","overlay-type":"","overlay-color":"","overlay-opacity":"","overlay-gradient":""}},"footnotes":""},"class_list":["post-2171","page","type-page","status-publish","hentry"],"_links":{"self":[{"href":"http:\/\/acodalej.sk\/zh\/wp-json\/wp\/v2\/pages\/2171","targetHints":{"allow":["GET"]}}],"collection":[{"href":"http:\/\/acodalej.sk\/zh\/wp-json\/wp\/v2\/pages"}],"about":[{"href":"http:\/\/acodalej.sk\/zh\/wp-json\/wp\/v2\/types\/page"}],"author":[{"embeddable":true,"href":"http:\/\/acodalej.sk\/zh\/wp-json\/wp\/v2\/users\/1"}],"replies":[{"embeddable":true,"href":"http:\/\/acodalej.sk\/zh\/wp-json\/wp\/v2\/comments?post=2171"}],"version-history":[{"count":0,"href":"http:\/\/acodalej.sk\/zh\/wp-json\/wp\/v2\/pages\/2171\/revisions"}],"wp:attachment":[{"href":"http:\/\/acodalej.sk\/zh\/wp-json\/wp\/v2\/media?parent=2171"}],"curies":[{"name":"wp","href":"https:\/\/api.w.org\/{rel}","templated":true}]}}