{"id":2197,"date":"2024-09-15T14:57:08","date_gmt":"2024-09-15T14:57:08","guid":{"rendered":"http:\/\/acodalej.sk\/?page_id=2197"},"modified":"2024-11-09T16:04:05","modified_gmt":"2024-11-09T16:04:05","slug":"nezosmilnis","status":"publish","type":"page","link":"http:\/\/acodalej.sk\/zh\/nezosmilnis\/","title":{"rendered":"Nezosmiln\u00ed\u0161"},"content":{"rendered":"<div data-elementor-type=\"wp-page\" data-elementor-id=\"2197\" class=\"elementor elementor-2197\">\n\t\t\t\t<div class=\"has_eae_slider elementor-element elementor-element-4e6b14b e-flex e-con-boxed e-con e-parent\" data-eae-slider=\"37494\" data-id=\"4e6b14b\" data-element_type=\"container\">\n\t\t\t\t\t<div class=\"e-con-inner\">\n\t\t<div class=\"has_eae_slider elementor-element elementor-element-6aa71c6 e-flex e-con-boxed e-con e-child\" data-eae-slider=\"72139\" data-id=\"6aa71c6\" data-element_type=\"container\">\n\t\t\t\t\t<div class=\"e-con-inner\">\n\t\t\t\t<div class=\"elementor-element elementor-element-bd2ea71 elementor-widget elementor-widget-heading\" data-id=\"bd2ea71\" data-element_type=\"widget\" data-widget_type=\"heading.default\">\n\t\t\t\t<div class=\"elementor-widget-container\">\n\t\t\t\t\t<h2 class=\"elementor-heading-title elementor-size-default\">\u4e0d\u53ef\u5978\u6deb<\/h2>\t\t\t\t<\/div>\n\t\t\t\t<\/div>\n\t\t\t\t<div class=\"elementor-element elementor-element-e7fd3d1 elementor-widget elementor-widget-text-editor\" data-id=\"e7fd3d1\" data-element_type=\"widget\" data-widget_type=\"text-editor.default\">\n\t\t\t\t<div class=\"elementor-widget-container\">\n\t\t\t\t\t\t\t\t\t<p><em><strong>\u201c\u4e0d\u53ef\u5978\u6deb\u201d<\/strong><\/em><\/p><p><em><strong>5.\u9a6c\u53ef\u798f\u97f3 5:18<\/strong><\/em><\/p>\t\t\t\t\t\t\t\t<\/div>\n\t\t\t\t<\/div>\n\t\t\t\t\t<\/div>\n\t\t\t\t<\/div>\n\t\t\t\t\t<\/div>\n\t\t\t\t<\/div>\n\t\t<div class=\"has_eae_slider elementor-element elementor-element-91ce02c e-flex e-con-boxed e-con e-child\" data-eae-slider=\"51490\" data-id=\"91ce02c\" data-element_type=\"container\">\n\t\t\t\t\t<div class=\"e-con-inner\">\n\t\t\t\t<div class=\"elementor-element elementor-element-3e39a50 elementor-widget elementor-widget-text-editor\" data-id=\"3e39a50\" data-element_type=\"widget\" data-widget_type=\"text-editor.default\">\n\t\t\t\t<div class=\"elementor-widget-container\">\n\t\t\t\t\t\t\t\t\t<p class=\"Standard\"><em><strong>27 \u795e\u5c31\u7167\u7740\u81ea\u5df1\u7684\u5f62\u50cf\u9020\u4eba\uff0c\u4e43\u662f\u7167\u7740\u4ed6\u7684\u5f62\u50cf\u9020\u7537\u9020\u5973\u300228 \u795e\u5c31\u8d50\u798f\u7ed9\u4ed6\u4eec\uff0c\u53c8\u5bf9\u4ed6\u4eec\u8bf4\uff1a\u201c\u8981\u751f\u517b\u4f17\u591a\uff0c\u904d\u6ee1\u5730\u9762\uff0c\u6cbb\u7406\u8fd9\u5730\uff1b\u4e5f\u8981\u7ba1\u7406\u6d77\u91cc\u7684\u9c7c\u3001\u7a7a\u4e2d\u7684\u9e1f\uff0c\u548c\u5730\u4e0a\u5404\u6837\u884c\u52a8\u7684\u6d3b\u7269\u3002\u201d<\/strong><\/em><\/p><p class=\"Standard\"><em><strong>1.\u83ab\u4f0a\u65e5\u7ecd\u74e6 1<\/strong><\/em><\/p>\t\t\t\t\t\t\t\t<\/div>\n\t\t\t\t<\/div>\n\t\t\t\t<div class=\"elementor-element elementor-element-cc06afb elementor-widget elementor-widget-text-editor\" data-id=\"cc06afb\" data-element_type=\"widget\" data-widget_type=\"text-editor.default\">\n\t\t\t\t<div class=\"elementor-widget-container\">\n\t\t\t\t\t\t\t\t\t<p><em><strong>24<span style=\"color: #1e293b;\">\u00a0<\/span>\u56e0\u6b64\uff0c\u4eba\u8981\u79bb\u5f00\u7236\u6bcd\uff0c\u4e0e\u59bb\u5b50\u8fde\u5408\uff0c\u4e8c\u4eba\u6210\u4e3a\u4e00\u4f53\u3002<\/strong><\/em><\/p><p><em><strong>1.\u83ab\u4f0a\u65e5\u7ecd\u74e6 2<\/strong><\/em><\/p>\t\t\t\t\t\t\t\t<\/div>\n\t\t\t\t<\/div>\n\t\t\t\t<div class=\"elementor-element elementor-element-7580c2f elementor-widget elementor-widget-text-editor\" data-id=\"7580c2f\" data-element_type=\"widget\" data-widget_type=\"text-editor.default\">\n\t\t\t\t<div class=\"elementor-widget-container\">\n\t\t\t\t\t\t\t\t\t<p>\u4e0a\u5e1d\u521b\u9020\u4e86\u7537\u4eba\u548c\u5973\u4eba\uff0c\u5e76\u8ba9\u4ed6\u4eec\u6b65\u5165\u5a5a\u59fb\u3002\u5a5a\u59fb\u662f\u7ec8\u8eab\u7684\u7ed3\u5408\u3002\u592b\u59bb\u4eab\u6709\u4e0a\u5e1d\u8d4b\u4e88\u7684\u6743\u5229\u548c\u8d23\u4efb\uff0c\u5f7c\u6b64\u5408\u4f5c\uff0c\u5171\u540c\u62e5\u6709\u8d22\u4ea7\uff0c\u5e76\u751f\u80b2\u5b50\u5973\uff0c\u5ef6\u7eed\u4e0a\u5e1d\u904d\u5e03\u5168\u7403\u7684\u8ba1\u5212\u3002\u5982\u679c\u6211\u4eec\u6309\u7167\u7942\u7684\u51c6\u5219\u751f\u6d3b\uff0c\u656c\u754f\u4e0a\u5e1d\uff0c\u4e92\u76f8\u5c0a\u91cd\uff0c\u90a3\u4e48\u5730\u7403\u4e0a\u5c31\u6709\u53ef\u80fd\u7e41\u884d\u751f\u606f\u3002\u4e0a\u5e1d\u4f1a\u6210\u5c31\u8fd9\u4e00\u5207\u3002<\/p>\n<p>\u5723\u7ecf\u4e2d\u5173\u4e8e\u7ed3\u5a5a\u7684\u7a0b\u5e8f\uff1a<\/p>\n<ol>\n<li>\u4ecb\u7ecd\u4e00\u4f4d\u6ca1\u6709\u5176\u4ed6\u627f\u8bfa\u7684\u7537\u58eb\u548c\u4e00\u4f4d\u5973\u58eb<\/li>\n<li>\u81ea\u7531\u51b3\u5b9a\u5171\u540c\u751f\u6d3b\uff0c<\/li>\n<li>\u8ba2\u5a5a\u2014\u2014\u5728\u4eb2\u621a\u3001\u670b\u53cb\u7b49\u611f\u5174\u8da3\u7684\u516c\u4f17\u9762\u524d\u5ba3\u5e03\u5171\u540c\u751f\u6d3b\u7684\u613f\u671b<\/li>\n<li>\u5a5a\u793c\u2014\u2014\u7f14\u7ed3\u5a5a\u59fb\u5951\u7ea6\uff0c\u627f\u8bfa\u5171\u540c\u751f\u6d3b\u3001\u5efa\u7acb\u5bb6\u5ead\u3001\u5408\u4f5c\u5e76\u629a\u517b\u5b50\u5973\uff0c\u65e0\u8bba\u5883\u9047\u5982\u4f55\u3002\u5a5a\u59fb\u5728\u4e0a\u5e1d\u9762\u524d\u4e0d\u53ef\u89e3\u9664\uff0c\u4e0a\u5e1d\u618e\u6076\u79bb\u5a5a\uff0c\u5728\u7942\u9762\u524d\u65e0\u6548\u3002\u552f\u4e00\u5bfc\u81f4\u5a5a\u59fb\u7834\u88c2\u5e76\u5bfc\u81f4\u79bb\u5a5a\u7684\u60c5\u51b5\u662f\u901a\u5978=\u5a5a\u59fb\u4e0d\u5fe0\uff0c\u5373\u6709\u7f6a\u7684\u4e00\u65b9\u5373\u4f7f\u5728\u65e0\u8f9c\u7684\u4e00\u65b9\u8981\u6c42\u7684\u60c5\u51b5\u4e0b\u4e5f\u4e0d\u613f\u79bb\u5f00\u3002\u4e0e\u914d\u5076\u4ee5\u5916\u7684\u4eba\u53d1\u751f\u6027\u5173\u7cfb\u88ab\u8ba4\u5b9a\u4e3a\u6deb\u4e71\u2014\u2014\u901a\u5978\u3002<\/li>\n<\/ol>\t\t\t\t\t\t\t\t<\/div>\n\t\t\t\t<\/div>\n\t\t\t\t<div class=\"elementor-element elementor-element-f65a15c elementor-widget elementor-widget-text-editor\" data-id=\"f65a15c\" data-element_type=\"widget\" data-widget_type=\"text-editor.default\">\n\t\t\t\t<div class=\"elementor-widget-container\">\n\t\t\t\t\t\t\t\t\t<p><em><strong>\u82e5\u6709\u4eba\u9047\u89c1\u6709\u592b\u4e4b\u5987\u884c\u6deb\uff0c\u5c31\u8981\u5c06\u884c\u6deb\u7684\u7537\u5973\u4e8c\u4eba\u6cbb\u6b7b\u3002\u8fd9\u6837\uff0c\u5c31\u628a\u90a3\u6076\u4ece\u4ee5\u8272\u5217\u4e2d\u9664\u6389\u3002<\/strong><\/em><\/p><p><em><strong>\u7533\u547d\u8bb0 22:22<\/strong><\/em><\/p>\t\t\t\t\t\t\t\t<\/div>\n\t\t\t\t<\/div>\n\t\t\t\t<div class=\"elementor-element elementor-element-f5a0610 elementor-widget elementor-widget-text-editor\" data-id=\"f5a0610\" data-element_type=\"widget\" data-widget_type=\"text-editor.default\">\n\t\t\t\t<div class=\"elementor-widget-container\">\n\t\t\t\t\t\t\t\t\t<p class=\"Standard\">\u00a010 \u201c\u51e1\u4e0e\u6709\u592b\u4e4b\u5987\u884c\u6deb\u7684\uff0c\u5c31\u662f\u4e0e\u90bb\u820d\u4e4b\u59bb\u884c\u6deb\u7684\uff0c\u603b\u8981\u628a\u5978\u592b\u6deb\u5987\u90fd\u6cbb\u6b7b\u300211 \u201c\u4eba\u82e5\u4e0e\u7ee7\u6bcd\u884c\u6deb\uff0c\u5c31\u662f\u7f9e\u8fb1\u4e86\u7236\u4eb2\uff0c\u603b\u8981\u628a\u4ed6\u4eec\u4e8c\u4eba\u6cbb\u6b7b\uff0c\u4ed6\u4eec\u7684\u8840\u8981\u5f52\u7ed9\u4ed6\u4eec\u300212 \u201c\u4eba\u82e5\u4e0e\u513f\u5ab3\u884c\u6deb\uff0c\u603b\u8981\u628a\u4ed6\u4eec\u4e8c\u4eba\u6cbb\u6b7b\uff0c\u4ed6\u4eec\u884c\u4e86\u53ef\u618e\u7684\u4e8b\uff0c\u4ed6\u4eec\u7684\u8840\u8981\u5f52\u7ed9\u4ed6\u4eec\u300213 \u201c\u4eba\u82e5\u4e0e\u7537\u4eba\u884c\u6deb\uff0c\u5982\u540c\u4e0e\u5973\u4eba\u884c\u6deb\uff0c\u8fd9\u662f\u53ef\u618e\u7684\u4e8b\uff0c\u603b\u8981\u628a\u4ed6\u4eec\u4e8c\u4eba\u6cbb\u6b7b\uff0c\u4ed6\u4eec\u7684\u8840\u8981\u5f52\u7ed9\u4ed6\u4eec\u300214 \u201c\u4eba\u82e5\u5a36\u5987\u4eba\uff0c\u53c8\u5a36\u5176\u6bcd\uff0c\u8fd9\u662f\u5927\u9006\u4e0d\u9053\uff0c\u603b\u8981\u628a\u4ed6\u4eec\u4e8c\u4eba\u7528\u706b\u711a\u70e7\uff0c\u514d\u5f97\u4f60\u4eec\u4e2d\u95f4\u6709\u5927\u9006\u4e0d\u9053\u7684\u4e8b\u300215 \u201c\u4eba\u82e5\u4e0e\u7272\u755c\u884c\u6deb\uff0c\u603b\u8981\u628a\u90a3\u4eba\u6cbb\u6b7b\uff0c\u7272\u755c\u4e5f\u8981\u5bb0\u6740\u3002 16 \u5973\u4eba\u82e5\u4e0e\u7272\u755c\u884c\u6deb\uff0c\u4f60\u4eec\u4e0e\u7272\u755c\u4ea4\u5408\uff0c\u4f60\u4eec\u5c31\u8981\u6740\u90a3\u5973\u4eba\u548c\u90a3\u7272\u755c\uff0c\u603b\u8981\u628a\u4ed6\u4eec\u6cbb\u6b7b\uff0c\u4ed6\u4eec\u8981\u62c5\u5f53\u6d41\u8840\u7684\u7f6a\u5b7d\u300217 \u4eba\u82e5\u5a36\u59d0\u59b9\uff0c\u65e0\u8bba\u662f\u5f02\u6bcd\u540c\u7236\u7684\uff0c\u662f\u5f02\u6bcd\u540c\u6bcd\u7684\uff0c\u73b7\u6c61\u4e86\u5979\uff0c\u5979\u4e5f\u73b7\u6c61\u4e86\u4ed6\uff0c\u8fd9\u90fd\u662f\u53ef\u618e\u7684\u4e8b\uff0c\u4ed6\u4eec\u8981\u4ece\u6c11\u4e2d\u526a\u9664\u3002\u4ed6\u73b7\u6c61\u4e86\u59d0\u59b9\uff0c\u5c31\u8981\u62c5\u5f53\u81ea\u5df1\u7684\u7f6a\u5b7d\u300218 \u4eba\u82e5\u5728\u5987\u4eba\u6708\u7ecf\u671f\u95f4\u884c\u6deb\uff0c\u73b7\u6c61\u4e86\u5979\u7684\u4e0b\u4f53\uff0c\u5979\u4e5f\u9732\u51fa\u4e86\u8840\uff0c\u4ed6\u4eec\u4e8c\u4eba\u90fd\u8981\u4ece\u6c11\u4e2d\u526a\u9664\u300219 \u4e0d\u53ef\u4e0e\u4f60\u59e8\u6bcd\uff0c\u6216\u4f60\u59d1\u6bcd\u884c\u6deb\uff0c\u56e0\u4e3a\u4f60\u73b7\u6c61\u4e86\u9aa8\u8089\u4e4b\u4eb2\uff0c\u4ed6\u4eec\u4e8c\u4eba\u90fd\u8981\u62c5\u5f53\u81ea\u5df1\u7684\u7f6a\u5b7d\u300220 \u4eba\u82e5\u4e0e\u59d1\u6bcd\u884c\u6deb\uff0c\u5c31\u662f\u73b7\u6c61\u4e86\u53d4\u7236\uff0c\u4ed6\u4eec\u4e8c\u4eba\u90fd\u8981\u62c5\u5f53\u81ea\u5df1\u7684\u7f6a\u5b7d\u3002\u4ed6\u4eec\u5fc5\u65e0\u5b50\u55e3\u800c\u6b7b\u300221 \u4eba\u82e5\u5a36\u5144\u5f1f\u4e4b\u59bb\uff0c\u8fd9\u4fbf\u662f\u73b7\u6c61\u4e86\u5f1f\u5144\uff0c\u5c31\u662f\u7f9e\u8fb1\u4e86\u4ed6\uff0c\u4ed6\u4eec\u5fc5\u65e0\u5b50\u55e3\u300222 \u4f60\u4eec\u8981\u8c28\u5b88\u9075\u884c\u6211\u4e00\u5207\u7684\u5f8b\u4f8b\u3001\u5178\u7ae0\uff0c\u514d\u5f97\u6211\u9886\u4f60\u4eec\u53bb\u5c45\u4f4f\u7684\u90a3\u5730\u628a\u4f60\u4eec\u5410\u51fa\u3002<\/p><p class=\"Standard\">\u5229\u672a\u8bb0 20<\/p>\t\t\t\t\t\t\t\t<\/div>\n\t\t\t\t<\/div>\n\t\t\t\t<div class=\"elementor-element elementor-element-2084eda elementor-widget elementor-widget-text-editor\" data-id=\"2084eda\" data-element_type=\"widget\" data-widget_type=\"text-editor.default\">\n\t\t\t\t<div class=\"elementor-widget-container\">\n\t\t\t\t\t\t\t\t\t<p class=\"Standard\">3 \u90a3\u65f6\uff0c\u6cd5\u5229\u8d5b\u4eba\u6765\u8bd5\u63a2\u4ed6\uff0c\u95ee\u4ed6\u8bf4\uff1a\u201c\u4eba\u65e0\u8bba\u4ec0\u4e48\u7f18\u6545\u90fd\u53ef\u4ee5\u4f11\u59bb\u5417\uff1f\u201d 4 \u8036\u7a23\u56de\u7b54\u8bf4\uff1a\u201c\u90a3\u8d77\u521d\u9020\u4eba\u7684\uff0c\u662f\u9020\u7537\u9020\u5973\uff0c\u8fd9\u7ecf\u4f60\u4eec\u6ca1\u6709\u5ff5\u8fc7\u5417\uff1f5 \u5e76\u4e14\u8bf4\uff1a\u2018\u56e0\u6b64\uff0c\u4eba\u8981\u79bb\u5f00\u7236\u6bcd\uff0c\u4e0e\u59bb\u5b50\u8fde\u5408\uff0c\u4e8c\u4eba\u6210\u4e3a\u4e00\u4f53\u3002\u20196 \u65e2\u7136\u5982\u6b64\uff0c\u592b\u59bb\u4e0d\u518d\u662f\u4e24\u4e2a\u4eba\uff0c\u4e43\u662f\u4e00\u4f53\u7684\u4e86\u3002\u6240\u4ee5\uff0c\u795e\u914d\u5408\u7684\uff0c\u4eba\u4e0d\u53ef\u5206\u5f00\u3002\u201d 7 \u4ed6\u4eec\u5bf9\u4ed6\u8bf4\uff1a\u201c\u8fd9\u6837\uff0c\u6469\u897f\u4e3a\u4ec0\u4e48\u5429\u5490\u7ed9\u59bb\u5b50\u4f11\u4e66\u5c31\u53ef\u4ee5\u4f11\u5979\u5462\uff1f\u201d 8 \u8036\u7a23\u8bf4\uff1a\u201c\u6469\u897f\u56e0\u4e3a\u4f60\u4eec\u7684\u5fc3\u786c\uff0c\u6240\u4ee5\u8bb8\u4f60\u4eec\u4f11\u59bb\uff0c\u4f46\u8d77\u521d\u5e76\u4e0d\u662f\u8fd9\u6837\u30029 \u6211\u544a\u8bc9\u4f60\u4eec\uff0c\u51e1\u4f11\u59bb\u53e6\u5a36\u7684\uff0c\u82e5\u4e0d\u662f\u4e3a\u6deb\u4e71\u7684\u7f18\u6545\uff0c\u5c31\u662f\u72af\u5978\u6deb\u4e86\u3002\u201d 10 \u95e8\u5f92\u5bf9\u4ed6\u8bf4\uff1a\u201c\u4eba\u4e0e\u59bb\u5b50\u65e2\u662f\u8fd9\u6837\uff0c\u5012\u4e0d\u5982\u4e0d\u5a36\u3002\u201d 11 \u8036\u7a23\u56de\u7b54\u4ed6\u4eec\u8bf4\uff1a\u201c\u8fd9\u8bdd\u4e0d\u662f\u4eba\u90fd\u80fd\u660e\u767d\u7684\uff0c\u552f\u6709\u8499\u6069\u5f97\u6551\u7684\u4eba\u624d\u80fd\u660e\u767d\u300212 \u56e0\u4e3a\u6709\u751f\u6765\u5c31\u662f\u9609\u4eba\uff0c\u6709\u88ab\u4eba\u9609\u7684\uff0c\u5e76\u6709\u4e3a\u5929\u56fd\u81ea\u9609\u7684\u3002\u660e\u767d\u8fd9\u8bdd\u7684\u4eba\u5c31\u660e\u767d\u4e86\u3002\u201d<\/p><p class=\"Standard\">\u9a6c\u592a\u798f\u97f3 19<\/p>\t\t\t\t\t\t\t\t<\/div>\n\t\t\t\t<\/div>\n\t\t\t\t<div class=\"elementor-element elementor-element-a8c5846 elementor-widget elementor-widget-text-editor\" data-id=\"a8c5846\" data-element_type=\"widget\" data-widget_type=\"text-editor.default\">\n\t\t\t\t<div class=\"elementor-widget-container\">\n\t\t\t\t\t\t\t\t\t<p class=\"Standard\">27 \u4f60\u4eec\u542c\u89c1\u6709\u8bdd\u8bf4\uff1a\u2018\u4e0d\u53ef\u5978\u6deb\u3002\u201928 \u53ea\u662f\u6211\u544a\u8bc9\u4f60\u4eec\uff0c\u51e1\u770b\u89c1\u5987\u5973\u5c31\u52a8\u6deb\u5ff5\u7684\uff0c\u8fd9\u4eba\u5fc3\u91cc\u5df2\u7ecf\u4e0e\u5979\u72af\u5978\u6deb\u4e86\u300229 \u82e5\u662f\u4f60\u7684\u53f3\u773c\u53eb\u4f60\u8dcc\u5012\uff0c\u5c31\u525c\u51fa\u6765\u4e22\u6389\uff1b\u5b81\u53ef\u5931\u53bb\u767e\u4f53\u4e2d\u7684\u4e00\u4f53\uff0c\u4e0d\u53eb\u5168\u8eab\u4e22\u5728\u5730\u72f1\u91cc\u300230 \u82e5\u662f\u4f60\u7684\u53f3\u624b\u53eb\u4f60\u8dcc\u5012\uff0c\u5c31\u780d\u4e0b\u6765\u4e22\u6389\uff1b\u5b81\u53ef\u5931\u53bb\u767e\u4f53\u4e2d\u7684\u4e00\u4f53\uff0c\u4e0d\u53eb\u5168\u8eab\u4e22\u5728\u5730\u72f1\u91cc\u3002<\/p><p class=\"Standard\">\u9a6c\u592a\u798f\u97f3 5<\/p><p class=\"Standard\">\u00a0<\/p>\t\t\t\t\t\t\t\t<\/div>\n\t\t\t\t<\/div>\n\t\t\t\t<div class=\"elementor-element elementor-element-e031b73 elementor-widget elementor-widget-text-editor\" data-id=\"e031b73\" data-element_type=\"widget\" data-widget_type=\"text-editor.default\">\n\t\t\t\t<div class=\"elementor-widget-container\">\n\t\t\t\t\t\t\t\t\t<p class=\"Standard\">\u901a\u5978\u548c\u901a\u5978\u7684\u542b\u4e49\u76f8\u4f3c\u3002\u4e3a\u4e86\u66f4\u597d\u5730\u7406\u89e3\uff0c\u901a\u5978=\u964c\u751f\u7684\u5e8a\u3002\u4e00\u4e2a\u4eba\u548c\u4e00\u4e2a\u964c\u751f\u4eba\u8eba\u5728\u964c\u751f\u7684\u5e8a\u4e0a\u3002\u4eb2\u5bc6\u7684\u4eba\u662f\u5f02\u6027\u7684\u914d\u5076\uff0c\u5a5a\u59fb\u662f\u4e00\u7537\u4e00\u5973\u7684\u7ed3\u5408\u3002\u5f53\u4eba\u4eec\u63d0\u5230\u8fd9\u4e00\u4ef7\u503c\u89c2\u65f6\uff0c\u5176\u6839\u6e90\u5728\u4e8e\u5723\u7ecf\uff0c\u6211\u4eec\u5728\u5176\u4ed6\u4efb\u4f55\u5730\u65b9\u90fd\u627e\u4e0d\u5230\u5b83\u7684\u57fa\u7840\u3002\u56e0\u6b64\uff0c\u5f53\u5a5a\u59fb\u548c\u5bb6\u5ead\u5728\u6ca1\u6709\u4e0a\u5e1d\u7684\u60c5\u51b5\u4e0b\u88ab\u634d\u536b\u65f6\uff0c\u5b83\u5c31\u4f1a\u5931\u8d25\u3002<\/p><p class=\"Standard\">\u65ad\u624b\u6216\u525c\u773c\uff0c\u6307\u7684\u662f\u6d88\u9664\u72af\u7f6a\u7684\u8bf1\u56e0\u3002\u5728\u8fd9\u79cd\u60c5\u51b5\u4e0b\uff0c\u5b57\u9762\u89e3\u91ca\u662f\u65ad\u7ae0\u53d6\u4e49\u7684\uff0c\u56e0\u4e3a\u5723\u7ecf\u4e2d\u4ece\u672a\u63d0\u53ca\u6b64\u7c7b\u884c\u4e3a\u4e0e\u6027\u72af\u7f6a\u6709\u5173\uff0c\u800c\u4e2d\u4e16\u7eaa\u65f6\u671f\u5728\u6211\u4eec\u90a3\u91cc\u5374\u6709\u7c7b\u4f3c\u7684\u60c5\u51b5\u3002\u5b83\u6307\u7684\u662f\u8131\u53bb\u8863\u670d\u3001\u7535\u5f71\uff0c\u4ee5\u53ca\u4e0e\u90a3\u4e9b\u5bfc\u81f4\u6027\u72af\u7f6a\u7684\u4eba\u5efa\u7acb\u5173\u7cfb\u3002<\/p>\t\t\t\t\t\t\t\t<\/div>\n\t\t\t\t<\/div>\n\t\t\t\t<div class=\"elementor-element elementor-element-8261c5f elementor-widget elementor-widget-text-editor\" data-id=\"8261c5f\" data-element_type=\"widget\" data-widget_type=\"text-editor.default\">\n\t\t\t\t<div class=\"elementor-widget-container\">\n\t\t\t\t\t\t\t\t\t<p>\u8fdd\u53cd\u4e0a\u5e1d\u5f8b\u6cd5\u7684\u540e\u679c\u662f <strong>\u6b7b\u4ea1<\/strong> \u2014\u2014\u4e0e\u4e0a\u5e1d\u9694\u7edd\uff0c\u906d\u53d7\u82e6\u96be\u3002\u7136\u800c\uff0c\u4e0a\u5e1d\u8d50\u4e88\u6240\u6709\u4eba\u7684\u793c\u7269\u662f\u5bbd\u6055\u548c\u6c38\u751f\uff0c\u56e0\u4e3a\u6211\u4eec\u8ba4\u8bc6\u5230\u4e0a\u5e1d\u7684\u5b8c\u7f8e\uff0c\u800c\u6211\u4eec\u5374\u662f\u90aa\u6076\u7684\u3002\u6211\u4eec\u63a5\u53d7\u4e0a\u5e1d\u7ed9\u4e88\u6211\u4eec\u7684\u5e2e\u52a9\uff0c\u5e76\u7948\u6c42\u8036\u7a23\u57fa\u7763\u727a\u7272\u8d66\u514d\u6211\u4eec\u7684\u7f6a\u5b7d\u3002\u83b7\u5f97\u5bbd\u6055\u540e\uff0c\u6211\u4eec\u627f\u8bfa\u987a\u670d\u9020\u7269\u4e3b\uff0c\u5728\u7942\u8d50\u4e88\u6211\u4eec\u7684\u65b0\u751f\u547d\u4e2d\u6559\u5bfc\u548c\u5c0a\u91cd\u7942\u7684\u5f8b\u6cd5\u3002<\/p><p>\u5728\u4ee5\u8272\u5217\uff0c\u4e25\u91cd\u7684\u7f6a\u884c\u7531\u793e\u4f1a\u4e0a\u8d1f\u8d23\u4efb\u7684\u4eba\u2014\u2014\u6cd5\u5b98\u2014\u2014\u516c\u5f00\u5ba1\u5224\uff0c\u4eba\u4eec\u4e5f\u53d7\u5230\u516c\u5f00\u60e9\u7f5a\u3002\u8fd9\u662f\u4e3a\u4e86\u9632\u6b62\u6574\u4e2a\u4ee5\u8272\u5217\u793e\u4f1a\u9677\u5165\u53db\u4e71\uff0c\u4ece\u800c\u843d\u5165\u4e0a\u5e1d\u7684\u5ba1\u5224\u4e4b\u4e0b\u3002\u4e0a\u5e1d\u662f\u5723\u6d01\u5b8c\u7f8e\u7684\uff0c\u5c45\u4f4f\u5728\u7231\u7684\u70c8\u706b\u4e2d\u3002\u5728\u7942\u9762\u524d\uff0c\u4e00\u5207\u90fd\u663e\u9732\u65e0\u9057\uff0c\u90aa\u6076\u5fc5\u5728\u7942\u7684\u70c8\u706b\u4e2d\u711a\u70e7\u6b86\u5c3d\u3002<\/p><p>\u5bf9\u6211\u4eec\u6765\u8bf4\uff0c\u8fd9\u610f\u5473\u7740\u5c0a\u91cd\u5404\u4e2a\u56fd\u5bb6\u7684\u6743\u5a01\uff0c\u56e0\u4e3a\u4e0a\u5e1d\u5c06\u5ba1\u5224\u548c\u60e9\u7f5a\u7684\u6743\u67c4\u8d4b\u4e88\u4e86\u4ed6\u4eec\u3002\u5c0a\u91cd\u4e0a\u5e1d\u7684\u5f8b\u6cd5\uff0c\u53d6\u51b3\u4e8e\u5404\u4e2a\u653f\u5e9c\uff0c\u4ee5\u53ca\u968f\u4e4b\u800c\u6765\u7684\u6cd5\u5b98\u3002<\/p><p>\u4e0a\u5e1d\u4e0d\u613f\u7f6a\u72af\u706d\u4ea1\uff0c\u800c\u662f\u5e0c\u671b\u4ed6\u4eec\u8fdb\u5165\u81ea\u6211\uff0c\u81ea\u6211\u6539\u6b63\uff0c\u5e76\u80fd\u501f\u7740\u4e0a\u5e1d\u7684\u6069\u5178\u800c\u6d3b\u3002\u4e00\u4e2a\u5e7f\u4e3a\u4eba\u77e5\u7684\u6545\u4e8b\u662f\uff0c\u4e00\u4e2a\u72af\u5978\u6deb\u88ab\u6293\u7684\u5973\u4eba\uff0c\u4ed6\u4eec\u6309\u7167\u4e0a\u5e1d\u7684\u5f8b\u6cd5\u8981\u7528\u77f3\u5934\u6253\u6b7b\u5979\uff0c\u5c31\u628a\u5979\u5e26\u5230\u8036\u7a23\u9762\u524d\u3002\u8036\u7a23\u8bf4\uff1a\u201c\u8c01\u662f\u6ca1\u6709\u7f6a\u7684\uff0c\u8c01\u5c31\u53ef\u4ee5\u5148\u62ff\u77f3\u5934\u6253\u5979\u3002\u201d \u5f53\u5269\u4e0b\u5979\u4e00\u4eba\uff0c\u4f17\u4eba\u90fd\u79bb\u53bb\u65f6\uff0c\u8036\u7a23\u8bf4\uff1a\u201c\u96be\u9053\u6ca1\u6709\u4eba\u5b9a\u4f60\u7684\u7f6a\u5417\uff1f\u6211\u4e5f\u4e0d\u5b9a\u4f60\u7684\u7f6a\uff1b\u53bb\u5427\uff0c\u4ece\u6b64\u4e0d\u8981\u518d\u72af\u7f6a\u4e86\u3002\u201d \u4e0a\u5e1d\u5411\u6211\u4eec\u5c55\u73b0\u4e86\u7942\u7684\u516c\u4e49\uff0c\u7942\u5956\u5584\u7f5a\u6076\uff0c\u5374\u601c\u60af\u7834\u788e\u7684\u4eba\u3002\u4e0a\u5e1d\u62b5\u6321\u9a84\u50b2\u7684\u4eba\uff0c\u8d50\u6069\u7ed9\u8c26\u5351\u7684\u4eba\u3002\u4e0a\u5e1d\u5e76\u6ca1\u6709\u5e9f\u9664\u5f8b\u6cd5\uff0c\u7942\u85c9\u7740\u4e3b\u8036\u7a23\u6765\u6210\u5168\u5f8b\u6cd5\u3002<\/p>\t\t\t\t\t\t\t\t<\/div>\n\t\t\t\t<\/div>\n\t\t\t\t<div class=\"elementor-element elementor-element-fee13d5 elementor-widget elementor-widget-text-editor\" data-id=\"fee13d5\" data-element_type=\"widget\" data-widget_type=\"text-editor.default\">\n\t\t\t\t<div class=\"elementor-widget-container\">\n\t\t\t\t\t\t\t\t\t<p class=\"Standard\"><em><strong>11<span style=\"color: #1e293b;\">\u00a0<\/span>\u4f60\u8981\u5bf9\u4ed6\u4eec\u8bf4\uff1a\u2018\u4e3b\u8036\u548c\u534e\u8bf4\uff1a\u6211\u6307\u7740\u6211\u7684\u6c38\u751f\u8d77\u8a93\uff0c\u6211\u65ad\u4e0d\u559c\u60a6\u6076\u4eba\u6b7b\u4ea1\uff0c\u60df\u559c\u60a6\u6076\u4eba\u8f6c\u79bb\u6240\u884c\u7684\u9053\u800c\u6d3b\u3002\u4f60\u4eec\u56de\u5934\u5427\uff0c\u8f6c\u5934\u5427\uff0c\u79bb\u5f00\u4f60\u4eec\u7684\u6076\u9053\uff01\u00a0<\/strong><\/em><\/p><p class=\"Standard\"><em><strong>\u4ee5\u897f\u7ed3\u4e66 33<\/strong><\/em><\/p>\t\t\t\t\t\t\t\t<\/div>\n\t\t\t\t<\/div>\n\t\t\t\t<div class=\"elementor-element elementor-element-0ea444a elementor-widget elementor-widget-text-editor\" data-id=\"0ea444a\" data-element_type=\"widget\" data-widget_type=\"text-editor.default\">\n\t\t\t\t<div class=\"elementor-widget-container\">\n\t\t\t\t\t\t\t\t\t<p class=\"Standard\"><em><strong>23<span style=\"color: #1e293b;\">\u00a0<\/span>\u56e0\u4e3a\u7f6a\u7684\u5de5\u4ef7\u4e43\u662f\u6b7b\uff1b\u60df\u6709\u795e\u6069\u5178\u7684\u6069\u8d50\uff0c\u5728\u6211\u4eec\u7684\u4e3b\u8036\u7a23\u57fa\u7763\u91cc\uff0c\u4e43\u662f\u6c38\u751f\u3002<\/strong><\/em><\/p><p class=\"Standard\"><em><strong>\u7f57\u9a6c\u4e66 6<\/strong><\/em><\/p>\t\t\t\t\t\t\t\t<\/div>\n\t\t\t\t<\/div>\n\t\t\t\t\t<\/div>\n\t\t\t\t<\/div>\n\t\t\t\t<\/div>","protected":false},"excerpt":{"rendered":"<p>nezosmiln\u00ed\u0161 &#8222;Nezosmiln\u00ed\u0161&#8220; 5. M 5,18 27\u00a0Boh stvoril \u010dloveka na svoj obraz;\u00a0na Bo\u017e\u00ed obraz ho stvoril.\u00a0Stvoril ich ako mu\u017ea a \u017eenu.28\u00a0Boh ich po\u017eehnal a povedal im: \u201ePlo\u010fte sa a mno\u017ete sa, napl\u0148te zem a podma\u0148te si ju! Panujte nad morsk\u00fdmi rybami, nad nebesk\u00fdm vt\u00e1ctvom a nad v\u0161etkou zverou, \u010do sa pohybuje na zemi!\u201c 1.Moj\u017ei\u0161ova 1 24\u00a0Preto [&hellip;]<\/p>","protected":false},"author":1,"featured_media":0,"parent":0,"menu_order":0,"comment_status":"closed","ping_status":"closed","template":"","meta":{"site-sidebar-layout":"no-sidebar","site-content-layout":"page-builder","ast-site-content-layout":"full-width-container","site-content-style":"unboxed","site-sidebar-style":"unboxed","ast-global-header-display":"","ast-banner-title-visibility":"","ast-main-header-display":"","ast-hfb-above-header-display":"","ast-hfb-below-header-display":"","ast-hfb-mobile-header-display":"","site-post-title":"disabled","ast-breadcrumbs-content":"","ast-featured-img":"disabled","footer-sml-layout":"disabled","theme-transparent-header-meta":"enabled","adv-header-id-meta":"","stick-header-meta":"","header-above-stick-meta":"","header-main-stick-meta":"","header-below-stick-meta":"","astra-migrate-meta-layouts":"set","ast-page-background-enabled":"default","ast-page-background-meta":{"desktop":{"background-color":"var(--ast-global-color-4)","background-image":"","background-repeat":"repeat","background-position":"center center","background-size":"auto","background-attachment":"scroll","background-type":"","background-media":"","overlay-type":"","overlay-color":"","overlay-opacity":"","overlay-gradient":""},"tablet":{"background-color":"","background-image":"","background-repeat":"repeat","background-position":"center center","background-size":"auto","background-attachment":"scroll","background-type":"","background-media":"","overlay-type":"","overlay-color":"","overlay-opacity":"","overlay-gradient":""},"mobile":{"background-color":"","background-image":"","background-repeat":"repeat","background-position":"center center","background-size":"auto","background-attachment":"scroll","background-type":"","background-media":"","overlay-type":"","overlay-color":"","overlay-opacity":"","overlay-gradient":""}},"ast-content-background-meta":{"desktop":{"background-color":"var(--ast-global-color-5)","background-image":"","background-repeat":"repeat","background-position":"center center","background-size":"auto","background-attachment":"scroll","background-type":"","background-media":"","overlay-type":"","overlay-color":"","overlay-opacity":"","overlay-gradient":""},"tablet":{"background-color":"var(--ast-global-color-5)","background-image":"","background-repeat":"repeat","background-position":"center center","background-size":"auto","background-attachment":"scroll","background-type":"","background-media":"","overlay-type":"","overlay-color":"","overlay-opacity":"","overlay-gradient":""},"mobile":{"background-color":"var(--ast-global-color-5)","background-image":"","background-repeat":"repeat","background-position":"center center","background-size":"auto","background-attachment":"scroll","background-type":"","background-media":"","overlay-type":"","overlay-color":"","overlay-opacity":"","overlay-gradient":""}},"footnotes":""},"class_list":["post-2197","page","type-page","status-publish","hentry"],"_links":{"self":[{"href":"http:\/\/acodalej.sk\/zh\/wp-json\/wp\/v2\/pages\/2197","targetHints":{"allow":["GET"]}}],"collection":[{"href":"http:\/\/acodalej.sk\/zh\/wp-json\/wp\/v2\/pages"}],"about":[{"href":"http:\/\/acodalej.sk\/zh\/wp-json\/wp\/v2\/types\/page"}],"author":[{"embeddable":true,"href":"http:\/\/acodalej.sk\/zh\/wp-json\/wp\/v2\/users\/1"}],"replies":[{"embeddable":true,"href":"http:\/\/acodalej.sk\/zh\/wp-json\/wp\/v2\/comments?post=2197"}],"version-history":[{"count":0,"href":"http:\/\/acodalej.sk\/zh\/wp-json\/wp\/v2\/pages\/2197\/revisions"}],"wp:attachment":[{"href":"http:\/\/acodalej.sk\/zh\/wp-json\/wp\/v2\/media?parent=2197"}],"curies":[{"name":"wp","href":"https:\/\/api.w.org\/{rel}","templated":true}]}}